{"id":2444,"date":"2016-03-12T19:53:04","date_gmt":"2016-03-12T19:53:04","guid":{"rendered":"https:\/\/joannesunde.ca\/?page_id=2444&#038;lang=fr"},"modified":"2025-08-01T14:02:23","modified_gmt":"2025-08-01T18:02:23","slug":"temoignages","status":"publish","type":"page","link":"https:\/\/joannesunde.ca\/fr\/temoignages\/","title":{"rendered":"T\u00e9moignages"},"content":{"rendered":"<p><div class=\"et_d4_element et_pb_section et_pb_section_0 et_animated et_pb_with_background  et_pb_css_mix_blend_mode et_section_regular et_block_section\" >\n\t\t\t\t\n\t\t\t\t\n\t\t\t\t\n\t\t\t\t\n\t\t\t\t\n\t\t\t\t\n\t\t\t\t<div class=\"et_d4_element et_pb_row et_pb_row_0 et_animated  et_pb_css_mix_blend_mode et_block_row\">\n\t\t\t\t<div class=\"et_d4_element et_pb_column_4_4 et_pb_column et_pb_column_0  et_pb_css_mix_blend_mode et-last-child et_block_column\">\n\t\t\t\t\n\t\t\t\t\n\t\t\t\t\n\t\t\t\t\n\t\t\t\t<div class=\"et_pb_module et_d4_element et_pb_text et_pb_text_0 et_animated  et_pb_text_align_left et_pb_bg_layout_light\">\n\t\t\t\t\n\t\t\t\t\n\t\t\t\t\n\t\t\t\t\n\t\t\t\t<div class=\"et_pb_text_inner\"><h1>T\u00e9moignages<\/h1>\n<p>Une collection de t\u00e9moignages que j'ai recueillis tout au long de ma carri\u00e8re dans diverses entreprises.<\/p>\n<p>Nous avons collabor\u00e9 ensemble? Je vous invite \u00e0 partager votre t\u00e9moignage.\u00a0<\/p><\/div>\n\t\t\t<\/div><div class=\"et_pb_button_module_wrapper et_pb_button_0_wrapper  et_pb_module \">\n\t\t\t\t<a class=\"et_pb_button et_d4_element et_pb_button_0 et_pb_bg_layout_light et_block_module\" href=\"https:\/\/g.page\/r\/CRBA4qkv0kjdEBM\/review\" target=\"_blank\">Ajoutez votre t\u00e9moignage sur Google<\/a>\n\t\t\t<\/div><div class=\"et_pb_module et_d4_element et_pb_divider_0 et_animated et_pb_space et_pb_divider_hidden\"><div class=\"et_pb_divider_internal\"><\/div><\/div>\n\t\t\t<\/div>\n\t\t\t\t\n\t\t\t\t\n\t\t\t\t\n\t\t\t\t\n\t\t\t<\/div>\n\t\t\t\t\n\t\t\t\t\n\t\t\t<\/div><div class=\"et_d4_element et_pb_section et_pb_section_1  et_pb_css_mix_blend_mode et_section_regular et_block_section\" >\n\t\t\t\t\n\t\t\t\t\n\t\t\t\t\n\t\t\t\t\n\t\t\t\t\n\t\t\t\t\n\t\t\t\t<div class=\"et_d4_element et_pb_row et_pb_row_1  et_pb_css_mix_blend_mode et_block_row\">\n\t\t\t\t<div class=\"et_d4_element et_pb_column_4_4 et_pb_column et_pb_column_1  et_pb_css_mix_blend_mode et-last-child et_block_column\">\n\t\t\t\t\n\t\t\t\t\n\t\t\t\t\n\t\t\t\t\n\t\t\t\t<div class=\"et_pb_module et_d4_element et_pb_testimonial et_pb_testimonial_0  et_pb_css_mix_blend_mode clearfix  et_pb_text_align_left et_pb_bg_layout_light et_block_module et_pb_testimonial_no_image\">\n\t\t\t\t\n\t\t\t\t\n\t\t\t\t\n\t\t\t\t\n\t\t\t\t<div style=\"background-image:url(https:\/\/joannesunde.ca\/wp-content\/uploads\/2025\/08\/Eric.avif)\" class=\"et_pb_testimonial_portrait\"><\/div>\n\t\t\t\t<div class=\"et_pb_testimonial_description\">\n\t\t\t\t\t<div class=\"et_pb_testimonial_description_inner\"><div class=\"et_pb_testimonial_content\"><p><span>Nous avons fait appel \u00e0 Joanne Sunde de Sundesigns pour un projet Isobloc, et nous sommes ravis du r\u00e9sultat. Joanne a su livrer un travail de grande qualit\u00e9 dans des d\u00e9lais serr\u00e9s, tout en respectant nos exigences. Son professionnalisme, sa cr\u00e9ativit\u00e9 et son souci du d\u00e9tail ont largement d\u00e9pass\u00e9 nos attentes. Elle a su comprendre nos besoins et les traduire en solutions visuelles efficaces. Nous recommandons vivement ses services et n\u2019h\u00e9siterons pas \u00e0 collaborer de nouveau avec elle pour nos futurs projets.<\/span><\/p><\/div><\/div>\n\t\t\t\t\t<span class=\"et_pb_testimonial_author\">Eric Dionne<\/span>\n\t\t\t\t\t<p class=\"et_pb_testimonial_meta\"><span class=\"et_pb_testimonial_position\">Pr\u00e9sident<\/span><span class=\"et_pb_testimonial_separator\">,<\/span> <span class=\"et_pb_testimonial_company\"><a href=\"https:\/\/isobloc.com\/\" target=\"_blank\">Isobloc<\/a><\/span><\/p>\n\t\t\t\t<\/div>\n\t\t\t<\/div><div class=\"et_pb_module et_d4_element et_pb_testimonial et_pb_testimonial_1  et_pb_css_mix_blend_mode clearfix  et_pb_text_align_left et_pb_bg_layout_light et_block_module et_pb_testimonial_no_image\">\n\t\t\t\t\n\t\t\t\t\n\t\t\t\t\n\t\t\t\t\n\t\t\t\t<div style=\"background-image:url(https:\/\/joannesunde.ca\/wp-content\/uploads\/2023\/08\/Ronald-Square.png)\" class=\"et_pb_testimonial_portrait\"><\/div>\n\t\t\t\t<div class=\"et_pb_testimonial_description\">\n\t\t\t\t\t<div class=\"et_pb_testimonial_description_inner\"><div class=\"et_pb_testimonial_content\"><p>Je connais Joanne depuis de longues ann\u00e9es. J\u2019ai eu l\u2019occasion de collaborer avec elle sur plusieurs projets. J\u2019appr\u00e9cie grandement son professionnalisme, son implication, sa capacit\u00e9 \u00e0 travailler aussi bien dans les deux langues et son talent pour b\u00e2tir des documents de grande qualit\u00e9. Joanne est tr\u00e8s consciencieuse et ne laisse aucun d\u00e9tail lui \u00e9chapper.<\/p><\/div><\/div>\n\t\t\t\t\t<span class=\"et_pb_testimonial_author\">Ronald Tapi\u00e9ro<\/span>\n\t\t\t\t\t<p class=\"et_pb_testimonial_meta\"><span class=\"et_pb_testimonial_position\">Pr\u00e9sident, Directeur g\u00e9n\u00e9ral<\/span><span class=\"et_pb_testimonial_separator\">,<\/span> <span class=\"et_pb_testimonial_company\"><a href=\"https:\/\/www.monster.com\/\" target=\"_blank\">NEO r\u00e9seaux d&#039;affichage<\/a><\/span><\/p>\n\t\t\t\t<\/div>\n\t\t\t<\/div>\n\t\t\t<\/div>\n\t\t\t\t\n\t\t\t\t\n\t\t\t\t\n\t\t\t\t\n\t\t\t<\/div><div class=\"et_d4_element et_pb_row et_pb_row_2  et_pb_css_mix_blend_mode et_block_row\">\n\t\t\t\t<div class=\"et_d4_element et_pb_column_1_2 et_pb_column et_pb_column_2  et_pb_css_mix_blend_mode et_block_column\">\n\t\t\t\t\n\t\t\t\t\n\t\t\t\t\n\t\t\t\t\n\t\t\t\t<div class=\"et_pb_module et_d4_element et_pb_testimonial et_pb_testimonial_2  et_pb_css_mix_blend_mode clearfix  et_pb_text_align_left et_pb_bg_layout_light et_block_module et_pb_testimonial_no_image\">\n\t\t\t\t\n\t\t\t\t\n\t\t\t\t\n\t\t\t\t\n\t\t\t\t<div style=\"background-image:url(https:\/\/joannesunde.ca\/wp-content\/uploads\/2022\/08\/Ka.jpg)\" class=\"et_pb_testimonial_portrait\"><\/div>\n\t\t\t\t<div class=\"et_pb_testimonial_description\">\n\t\t\t\t\t<div class=\"et_pb_testimonial_description_inner\"><div class=\"et_pb_testimonial_content\"><p>J\u2019ai donn\u00e9 diff\u00e9rents mandats \u00e0 Joanne \u00e0 travers le temps et je la compte parmi les pigistes de confiance. Elle pose les bonnes questions, offre un rendu de qualit\u00e9, dans les temps et les clients sont heureux de la revoir sur les mandats. Elle est compl\u00e8tement bilingue ce qui est un gros plus en cr\u00e9ation. De plus, elle est tr\u00e8s sympathique, facteur critique pour les projets longs termes. Je la recommande.<\/p><\/div><\/div>\n\t\t\t\t\t<span class=\"et_pb_testimonial_author\">Kareen<\/span>\n\t\t\t\t\t<p class=\"et_pb_testimonial_meta\"><span class=\"et_pb_testimonial_position\">Vice-pr\u00e9sidente<\/span><span class=\"et_pb_testimonial_separator\">,<\/span> <span class=\"et_pb_testimonial_company\"><a href=\"https:\/\/sept24.com\/\" target=\"_blank\">Sept24<\/a><\/span><\/p>\n\t\t\t\t<\/div>\n\t\t\t<\/div>\n\t\t\t<\/div><div class=\"et_d4_element et_pb_column_1_2 et_pb_column et_pb_column_3  et_pb_css_mix_blend_mode et-last-child et_block_column\">\n\t\t\t\t\n\t\t\t\t\n\t\t\t\t\n\t\t\t\t\n\t\t\t\t<div class=\"et_pb_module et_d4_element et_pb_testimonial et_pb_testimonial_3  et_pb_css_mix_blend_mode clearfix  et_pb_text_align_left et_pb_bg_layout_light et_block_module et_pb_testimonial_no_image\">\n\t\t\t\t\n\t\t\t\t\n\t\t\t\t\n\t\t\t\t\n\t\t\t\t<div style=\"background-image:url(https:\/\/joannesunde.ca\/wp-content\/uploads\/2023\/01\/Corporate-Confidential.jpg)\" class=\"et_pb_testimonial_portrait\"><\/div>\n\t\t\t\t<div class=\"et_pb_testimonial_description\">\n\t\t\t\t\t<div class=\"et_pb_testimonial_description_inner\"><div class=\"et_pb_testimonial_content\"><p>(Traduit de l'anglais) J'ai r\u00e9cemment eu le plaisir de travailler avec Joanne pour la premi\u00e8re fois sur un projet. D\u00e8s notre premi\u00e8re rencontre, elle s'est montr\u00e9e accueillante, enthousiaste et d\u00e9sireuse de conna\u00eetre les besoins de notre entreprise. Nous n'\u00e9tions pas s\u00fbrs de ce que nous voulions ou de ce dont nous avions besoin, mais Joanne \u00e9tait avec nous \u00e0 chaque \u00e9tape pour partager son expertise cr\u00e9ative et nous guider jusqu'au projet fini. Elle \u00e9tait extr\u00eamement efficace, patiente et si facile \u00e0 travailler \u2013 je recommande vivement Sundesigns et j'ai h\u00e2te de collaborer \u00e0 nouveau avec Joanne \u00e0 l'avenir !<\/p><\/div><\/div>\n\t\t\t\t\t<span class=\"et_pb_testimonial_author\">Client corporatif confidentiel<\/span>\n\t\t\t\t\t<p class=\"et_pb_testimonial_meta\"><span class=\"et_pb_testimonial_position\">Vice Pr\u00e9sident, services aux clients<\/span><\/p>\n\t\t\t\t<\/div>\n\t\t\t<\/div>\n\t\t\t<\/div>\n\t\t\t\t\n\t\t\t\t\n\t\t\t\t\n\t\t\t\t\n\t\t\t<\/div><div class=\"et_d4_element et_pb_row et_pb_row_3  et_pb_css_mix_blend_mode et_block_row\">\n\t\t\t\t<div class=\"et_d4_element et_pb_column_1_2 et_pb_column et_pb_column_4  et_pb_css_mix_blend_mode et_block_column\">\n\t\t\t\t\n\t\t\t\t\n\t\t\t\t\n\t\t\t\t\n\t\t\t\t<div class=\"et_pb_module et_d4_element et_pb_testimonial et_pb_testimonial_4  et_pb_css_mix_blend_mode clearfix  et_pb_text_align_left et_pb_bg_layout_light et_block_module et_pb_testimonial_no_image\">\n\t\t\t\t\n\t\t\t\t\n\t\t\t\t\n\t\t\t\t\n\t\t\t\t<div style=\"background-image:url(https:\/\/joannesunde.ca\/wp-content\/uploads\/2025\/08\/isabelle-gariepy-683x1024-1.avif)\" class=\"et_pb_testimonial_portrait\"><\/div>\n\t\t\t\t<div class=\"et_pb_testimonial_description\">\n\t\t\t\t\t<div class=\"et_pb_testimonial_description_inner\"><div class=\"et_pb_testimonial_content\"><p><span>Excellent service de design! <\/span><span>Joanne a su capter exactement ma vision et la transformer en quelque chose de magnifique. Son professionnalisme, sa cr\u00e9ativit\u00e9 et son souci du d\u00e9tail font toute la diff\u00e9rence. Je recommande vivement ses services \u00e0 quiconque cherche un design personnalis\u00e9 et \u00e9l\u00e9gant. Merci encore Joanne!<\/span><\/p><\/div><\/div>\n\t\t\t\t\t<span class=\"et_pb_testimonial_author\">Isabelle Gari\u00e9py<\/span>\n\t\t\t\t\t<p class=\"et_pb_testimonial_meta\"><span class=\"et_pb_testimonial_position\">Propri\u00e9taire<\/span><span class=\"et_pb_testimonial_separator\">,<\/span> <span class=\"et_pb_testimonial_company\"><a href=\"https:\/\/multisavoirs.com\/\" target=\"_blank\">Multisavoirs<\/a><\/span><\/p>\n\t\t\t\t<\/div>\n\t\t\t<\/div>\n\t\t\t<\/div><div class=\"et_d4_element et_pb_column_1_2 et_pb_column et_pb_column_5  et_pb_css_mix_blend_mode et-last-child et_block_column\">\n\t\t\t\t\n\t\t\t\t\n\t\t\t\t\n\t\t\t\t\n\t\t\t\t<div class=\"et_pb_module et_d4_element et_pb_testimonial et_pb_testimonial_5  et_pb_css_mix_blend_mode clearfix  et_pb_text_align_left et_pb_bg_layout_light et_block_module et_pb_testimonial_no_image\">\n\t\t\t\t\n\t\t\t\t\n\t\t\t\t\n\t\t\t\t\n\t\t\t\t<div style=\"background-image:url(https:\/\/joannesunde.ca\/wp-content\/uploads\/2025\/08\/Sonia.avif)\" class=\"et_pb_testimonial_portrait\"><\/div>\n\t\t\t\t<div class=\"et_pb_testimonial_description\">\n\t\t\t\t\t<div class=\"et_pb_testimonial_description_inner\"><div class=\"et_pb_testimonial_content\"><p><span>J'ai eu le plaisir de collaborer avec Joanne pour la conception d'une mise en page pour un projet tr\u00e8s important pour moi.Elle a su comprendre mes besoins rapidement, et les d\u00e9tails on \u00e9t\u00e9 respect\u00e9s. Merci bcp Joanne tu es une aide pr\u00e9cieuse et d'un professionnalisme impeccable!!!<\/span><\/p><\/div><\/div>\n\t\t\t\t\t<span class=\"et_pb_testimonial_author\">Sonia Perron<\/span>\n\t\t\t\t\t<p class=\"et_pb_testimonial_meta\"><span class=\"et_pb_testimonial_position\">Photographe<\/span><span class=\"et_pb_testimonial_separator\">,<\/span> <span class=\"et_pb_testimonial_company\"><a href=\"https:\/\/www.soniaperronphotographe.com\/\" target=\"_blank\">Sonia Perron Photographe<\/a><\/span><\/p>\n\t\t\t\t<\/div>\n\t\t\t<\/div>\n\t\t\t<\/div>\n\t\t\t\t\n\t\t\t\t\n\t\t\t\t\n\t\t\t\t\n\t\t\t<\/div><div class=\"et_d4_element et_pb_row et_pb_row_4  et_pb_css_mix_blend_mode et_block_row\">\n\t\t\t\t<div class=\"et_d4_element et_pb_column_4_4 et_pb_column et_pb_column_6  et_pb_css_mix_blend_mode et-last-child et_block_column\">\n\t\t\t\t\n\t\t\t\t\n\t\t\t\t\n\t\t\t\t\n\t\t\t\t<div class=\"et_pb_module et_d4_element et_pb_testimonial et_pb_testimonial_6  et_pb_css_mix_blend_mode clearfix  et_pb_text_align_left et_pb_bg_layout_light et_block_module et_pb_testimonial_no_image\">\n\t\t\t\t\n\t\t\t\t\n\t\t\t\t\n\t\t\t\t\n\t\t\t\t<div style=\"background-image:url(https:\/\/joannesunde.ca\/wp-content\/uploads\/2022\/08\/Stephanie.jpg)\" class=\"et_pb_testimonial_portrait\"><\/div>\n\t\t\t\t<div class=\"et_pb_testimonial_description\">\n\t\t\t\t\t<div class=\"et_pb_testimonial_description_inner\"><div class=\"et_pb_testimonial_content\"><p>(Traduit de l'anglais) D\u00e8s le moment o\u00f9 j'ai commenc\u00e9 \u00e0 travailler avec Joanne chez Monster, j'ai su qu'elle serait une co\u00e9quipi\u00e8re et une collaboratrice id\u00e9ale ! Son attitude agr\u00e9able et son professionnalisme consomm\u00e9 sont au premier plan de ses interactions et de ses communications. Elle accueille les questions et est g\u00e9n\u00e9reuse de son temps et de son expertise, toujours pr\u00eate \u00e0 fournir des conseils dans ses domaines d'expertise et \u00e0 fournir un soutien et des ressources suppl\u00e9mentaires.<\/p>\n<p>En tant que gestionnaire de contenu et conceptrice, Joanne a non seulement r\u00e9alis\u00e9 des produits d'apprentissage innovants et attrayants pour r\u00e9pondre aux besoins des parties prenantes, mais elle a mis \u00e0 profit sa curiosit\u00e9 inn\u00e9e pour explorer au-del\u00e0 de ces fronti\u00e8res afin de concevoir\/offrir des voies et des approches alternatives. Ses pr\u00e9sentations, ses didacticiels, sa conception Web et ses supports t\u00e9moignent de son talent cr\u00e9atif ainsi que de son souci du d\u00e9tail et de la qualit\u00e9.<\/p>\n<p>Dans ses projets de cursus et en tant que graphiste\/conceptrice Web, Joanne a repens\u00e9 d'innombrables pages de contenu Web, en s'appuyant sur les \u00e9l\u00e9ments essentiels de la convivialit\u00e9, de l'accessibilit\u00e9 et de l'optimisation des moteurs de recherche (SEO), afin d'offrir la meilleure exp\u00e9rience possible aux consommateurs mondiaux de notre contenu. De plus, Joanne a dirig\u00e9 des sessions de formation enregistr\u00e9es et en direct qui sont claires, engageantes et faciles \u00e0 suivre, bas\u00e9es sur sa connaissance des meilleures pratiques et des m\u00e9thodologies d'apprentissage.<\/p>\n<p>Joanne s'est appuy\u00e9e sur son exp\u00e9rience en tant que responsable de la conception cr\u00e9ative pour concevoir et mettre en \u0153uvre des processus\/am\u00e9liorations de processus pour la planification de projets, la planification et la gestion des flux de travail et les commentaires sur l'am\u00e9lioration continue. Elle est consid\u00e9r\u00e9e comme une leader d'opinion non seulement au sein de sa propre \u00e9quipe, mais aussi dans les nombreuses \u00e9quipes mondiales avec lesquelles notre \u00e9quipe a interagi quotidiennement. Elle a remport\u00e9 plusieurs prix de reconnaissance pour ses solutions d'am\u00e9lioration continue et d'innovation.<\/p>\n<p>Avec les nombreux chapeaux qu'elle a port\u00e9s, Joanne apporte une richesse d'exp\u00e9rience, d'expertise, d'enthousiasme et de d\u00e9vouement \u00e0 chaque projet ou ressource dans lequel elle est impliqu\u00e9e. Elle a \u00e9t\u00e9 une conseill\u00e8re de confiance et une experte en la mati\u00e8re qui a guid\u00e9 notre \u00e9quipe sur les meilleures pratiques, l'utilisation des outils (capture et montage audio\/vid\u00e9o, d\u00e9veloppement et rendu de contenu, planification de projet) et les principes de conception\/d\u00e9veloppement.<\/p>\n<p>Joanne a une \u00e9coute attentive et active et respire la positivit\u00e9, tout en restant concentr\u00e9e sur les objectifs strat\u00e9giques. Elle garde \u00e0 l'esprit l'exp\u00e9rience client et le temps de mise sur le march\u00e9. Poss\u00e9dant une grande intelligence \u00e9motionnelle, elle s'adapte aux comp\u00e9tences et aux besoins de ses homologues. Insatisfaite du statu quo, elle recherche toujours des commentaires et met en \u0153uvre des am\u00e9liorations en cons\u00e9quence.<\/p>\n<p>Travailler avec Joanne est un plaisir ! Elle est une v\u00e9ritable avocate \u2014 une coll\u00e8gue de soutien et estim\u00e9e, et je suis \u00e9ternellement reconnaissante d'avoir tant appris d'elle !<\/p><\/div><\/div>\n\t\t\t\t\t<span class=\"et_pb_testimonial_author\">Stephanie<\/span>\n\t\t\t\t\t<p class=\"et_pb_testimonial_meta\"><span class=\"et_pb_testimonial_position\">Professionnel de l&#039;habilitation commerciale, technique et consultative<\/span><span class=\"et_pb_testimonial_separator\">,<\/span> <span class=\"et_pb_testimonial_company\"><a href=\"https:\/\/www.monster.com\/\" target=\"_blank\">Coll\u00e8gues chez Monster Worldwide<\/a><\/span><\/p>\n\t\t\t\t<\/div>\n\t\t\t<\/div><div class=\"et_pb_module et_d4_element et_pb_testimonial et_pb_testimonial_7  et_pb_css_mix_blend_mode clearfix  et_pb_text_align_left et_pb_bg_layout_light et_block_module et_pb_testimonial_no_image\">\n\t\t\t\t\n\t\t\t\t\n\t\t\t\t\n\t\t\t\t\n\t\t\t\t<div style=\"background-image:url(https:\/\/joannesunde.ca\/wp-content\/uploads\/2022\/08\/Aqsa.jpg)\" class=\"et_pb_testimonial_portrait\"><\/div>\n\t\t\t\t<div class=\"et_pb_testimonial_description\">\n\t\t\t\t\t<div class=\"et_pb_testimonial_description_inner\"><div class=\"et_pb_testimonial_content\"><p>(Traduit de l'anglais) Je travaille avec Joanne depuis un an maintenant et ce fut un plaisir absolu. La premi\u00e8re fois que je l'ai rencontr\u00e9e lors de mon orientation, elle m'est apparue comme quelqu'un d'extr\u00eamement accessible - qui est ouverte aux id\u00e9es et aux questions et qui est pr\u00eate \u00e0 apporter son soutien. Je vois son travail et elle donne vie \u00e0 des id\u00e9es avec cr\u00e9ativit\u00e9, m\u00eame les plus s\u00e8ches et les plus ennuyeuses. J'\u00e9tais nouvelle dans le monde du design et chaque fois que j'avais une question pour Joanne, elle y r\u00e9pondait de la mani\u00e8re la plus simple possible, ce qui me faisait penser \u00ab hmmm ce n'\u00e9tait pas si difficile \u00bb.<\/p><\/div><\/div>\n\t\t\t\t\t<span class=\"et_pb_testimonial_author\">Aqsa<\/span>\n\t\t\t\t\t<p class=\"et_pb_testimonial_meta\"><span class=\"et_pb_testimonial_position\">Gestionnaire de projets<\/span><span class=\"et_pb_testimonial_separator\">,<\/span> <span class=\"et_pb_testimonial_company\"><a href=\"https:\/\/www.monster.com\/\" target=\"_blank\">Coll\u00e8gues chez Monster Worldwide<\/a><\/span><\/p>\n\t\t\t\t<\/div>\n\t\t\t<\/div>\n\t\t\t<\/div>\n\t\t\t\t\n\t\t\t\t\n\t\t\t\t\n\t\t\t\t\n\t\t\t<\/div><div class=\"et_d4_element et_pb_row et_pb_row_5  et_pb_css_mix_blend_mode et_block_row\">\n\t\t\t\t<div class=\"et_d4_element et_pb_column_1_2 et_pb_column et_pb_column_7  et_pb_css_mix_blend_mode et_block_column\">\n\t\t\t\t\n\t\t\t\t\n\t\t\t\t\n\t\t\t\t\n\t\t\t\t<div class=\"et_pb_module et_d4_element et_pb_testimonial et_pb_testimonial_8  et_pb_css_mix_blend_mode clearfix  et_pb_text_align_left et_pb_bg_layout_light et_block_module et_pb_testimonial_no_image\">\n\t\t\t\t\n\t\t\t\t\n\t\t\t\t\n\t\t\t\t\n\t\t\t\t<div style=\"background-image:url(https:\/\/joannesunde.ca\/wp-content\/uploads\/2015\/10\/francois2.jpg)\" class=\"et_pb_testimonial_portrait\"><\/div>\n\t\t\t\t<div class=\"et_pb_testimonial_description\">\n\t\t\t\t\t<div class=\"et_pb_testimonial_description_inner\"><div class=\"et_pb_testimonial_content\"><p>(Traduit de l'anglais) Le r\u00f4le de Joanne n\u00e9cessitait de solides comp\u00e9tences en communication, et elle a montr\u00e9 qu'elle poss\u00e9dait non seulement ces comp\u00e9tences, mais aussi la capacit\u00e9 d'inspirer le respect et la coop\u00e9ration chez ses co\u00e9quipiers. C'est une personne motiv\u00e9e et responsable avec un haut degr\u00e9 d'int\u00e9grit\u00e9. Franchement, je pense que le monde d'elle.<\/p>\n<p>Par cons\u00e9quent, je n'h\u00e9site pas \u00e0 recommander Joanne dans un poste similaire et je suis convaincu qu'elle saura r\u00e9pondre aux attentes \u00e9lev\u00e9es requises.<\/p><\/div><\/div>\n\t\t\t\t\t<span class=\"et_pb_testimonial_author\">Fran\u00e7ois<\/span>\n\t\t\t\t\t<p class=\"et_pb_testimonial_meta\"><span class=\"et_pb_testimonial_position\">Pr\u00e9sident et PDG<\/span><span class=\"et_pb_testimonial_separator\">,<\/span> <span class=\"et_pb_testimonial_company\"><a href=\"http:\/\/www.zoommedia.com\/en-ca\" target=\"_blank\">Zoom Media Inc.<\/a><\/span><\/p>\n\t\t\t\t<\/div>\n\t\t\t<\/div>\n\t\t\t<\/div><div class=\"et_d4_element et_pb_column_1_2 et_pb_column et_pb_column_8  et_pb_css_mix_blend_mode et-last-child et_block_column\">\n\t\t\t\t\n\t\t\t\t\n\t\t\t\t\n\t\t\t\t\n\t\t\t\t<div class=\"et_pb_module et_d4_element et_pb_testimonial et_pb_testimonial_9  et_pb_css_mix_blend_mode clearfix  et_pb_text_align_left et_pb_bg_layout_light et_block_module et_pb_testimonial_no_image\">\n\t\t\t\t\n\t\t\t\t\n\t\t\t\t\n\t\t\t\t\n\t\t\t\t<div style=\"background-image:url(https:\/\/joannesunde.ca\/wp-content\/uploads\/2015\/09\/Carole.jpg)\" class=\"et_pb_testimonial_portrait\"><\/div>\n\t\t\t\t<div class=\"et_pb_testimonial_description\">\n\t\t\t\t\t<div class=\"et_pb_testimonial_description_inner\"><div class=\"et_pb_testimonial_content\"><p>(Traduit de l'anglais) Joanne et moi avons travaill\u00e9 ensemble pendant pr\u00e8s de 10 ans, au cours desquels nous avons collabor\u00e9 sur plusieurs pr\u00e9sentations PowerPoint et Prezi. Joanne est un plaisir de travailler avec. C'est une designer exceptionnelle avec un \u0153il incroyable et une ma\u00eetrise magistrale de ses outils. Joanne est \u00e9galement une professionnelle accomplie avec une int\u00e9grit\u00e9 in\u00e9branlable. Elle est l'une des personnes les plus travaillantes que je connaisse, d\u00e9passant r\u00e9guli\u00e8rement les attentes. Je n'h\u00e9siterais pas \u00e0 recommander Joanne \u00e0 toute personne recherchant une designer brillante avec une \u00e9thique de travail exemplaire.<\/p><\/div><\/div>\n\t\t\t\t\t<span class=\"et_pb_testimonial_author\">Carole<\/span>\n\t\t\t\t\t<p class=\"et_pb_testimonial_meta\"><span class=\"et_pb_testimonial_position\">Pr\u00e9sidente et fondatrice<\/span><span class=\"et_pb_testimonial_separator\">,<\/span> <span class=\"et_pb_testimonial_company\"><a href=\"http:\/\/www.exaltus.ca\/\" target=\"_blank\">Exaltus<\/a><\/span><\/p>\n\t\t\t\t<\/div>\n\t\t\t<\/div>\n\t\t\t<\/div>\n\t\t\t\t\n\t\t\t\t\n\t\t\t\t\n\t\t\t\t\n\t\t\t<\/div><div class=\"et_d4_element et_pb_row et_pb_row_6  et_pb_css_mix_blend_mode et_block_row\">\n\t\t\t\t<div class=\"et_d4_element et_pb_column_4_4 et_pb_column et_pb_column_9  et_pb_css_mix_blend_mode et-last-child et_block_column\">\n\t\t\t\t\n\t\t\t\t\n\t\t\t\t\n\t\t\t\t\n\t\t\t\t<div class=\"et_pb_button_module_wrapper et_pb_button_1_wrapper et_pb_button_alignment_center et_pb_module \">\n\t\t\t\t<a class=\"et_pb_button et_d4_element et_pb_button_1 et_animated et_pb_bg_layout_dark et_block_module\" href=\"https:\/\/g.page\/r\/CRBA4qkv0kjdEAE\/review\" target=\"_blank\">T\u00e9moignage sur Google<\/a>\n\t\t\t<\/div>\n\t\t\t<\/div>\n\t\t\t\t\n\t\t\t\t\n\t\t\t\t\n\t\t\t\t\n\t\t\t<\/div>\n\t\t\t\t\n\t\t\t\t\n\t\t\t<\/div><\/p>\n","protected":false},"excerpt":{"rendered":"","protected":false},"author":1,"featured_media":0,"parent":0,"menu_order":0,"comment_status":"closed","ping_status":"closed","template":"","meta":{"_et_pb_use_builder":"on","_et_pb_old_content":"","_et_gb_content_width":"","footnotes":""},"class_list":["post-2444","page","type-page","status-publish","hentry"],"_links":{"self":[{"href":"https:\/\/joannesunde.ca\/fr\/wp-json\/wp\/v2\/pages\/2444","targetHints":{"allow":["GET"]}}],"collection":[{"href":"https:\/\/joannesunde.ca\/fr\/wp-json\/wp\/v2\/pages"}],"about":[{"href":"https:\/\/joannesunde.ca\/fr\/wp-json\/wp\/v2\/types\/page"}],"author":[{"embeddable":true,"href":"https:\/\/joannesunde.ca\/fr\/wp-json\/wp\/v2\/users\/1"}],"replies":[{"embeddable":true,"href":"https:\/\/joannesunde.ca\/fr\/wp-json\/wp\/v2\/comments?post=2444"}],"version-history":[{"count":11,"href":"https:\/\/joannesunde.ca\/fr\/wp-json\/wp\/v2\/pages\/2444\/revisions"}],"predecessor-version":[{"id":29083,"href":"https:\/\/joannesunde.ca\/fr\/wp-json\/wp\/v2\/pages\/2444\/revisions\/29083"}],"wp:attachment":[{"href":"https:\/\/joannesunde.ca\/fr\/wp-json\/wp\/v2\/media?parent=2444"}],"curies":[{"name":"wp","href":"https:\/\/api.w.org\/{rel}","templated":true}]}}