{"id":27304,"date":"2022-08-22T12:07:11","date_gmt":"2022-08-22T16:07:11","guid":{"rendered":"https:\/\/joannesunde.ca\/portfolio-sites-web\/"},"modified":"2025-12-12T12:59:01","modified_gmt":"2025-12-12T17:59:01","slug":"portfolio-sites-web","status":"publish","type":"page","link":"https:\/\/joannesunde.ca\/fr\/portfolio-sites-web\/","title":{"rendered":"Portfolio sites web"},"content":{"rendered":"<p><div class=\"et_d4_element et_pb_section et_pb_section_0 et_animated et_pb_with_background  et_pb_css_mix_blend_mode et_section_regular et_block_section\" >\n\t\t\t\t\n\t\t\t\t\n\t\t\t\t\n\t\t\t\t\n\t\t\t\t\n\t\t\t\t\n\t\t\t\t<div class=\"et_d4_element et_pb_row et_pb_row_0 et_animated  et_pb_css_mix_blend_mode et_block_row\">\n\t\t\t\t<div class=\"et_d4_element et_pb_column_4_4 et_pb_column et_pb_column_0  et_pb_css_mix_blend_mode et-last-child et_block_column\">\n\t\t\t\t\n\t\t\t\t\n\t\t\t\t\n\t\t\t\t\n\t\t\t\t<div class=\"et_pb_module et_d4_element et_pb_text et_pb_text_0 et_animated  et_pb_text_align_left et_pb_bg_layout_light\">\n\t\t\t\t\n\t\t\t\t\n\t\t\t\t\n\t\t\t\t\n\t\t\t\t<div class=\"et_pb_text_inner\"><h2>Portfolio sites web<\/h2>\n<p>Exemples de mon travail en conception web r\u00e9alis\u00e9 par Sundesigns Graphic Design Solutions, chez Monster Worldwide et C4 Communications.<\/p><\/div>\n\t\t\t<\/div><div class=\"et_pb_module et_d4_element et_pb_divider_0 et_animated et_pb_space et_pb_divider_hidden\"><div class=\"et_pb_divider_internal\"><\/div><\/div>\n\t\t\t<\/div>\n\t\t\t\t\n\t\t\t\t\n\t\t\t\t\n\t\t\t\t\n\t\t\t<\/div>\n\t\t\t\t\n\t\t\t\t\n\t\t\t<\/div><div class=\"et_d4_element et_pb_section et_pb_section_1  et_pb_css_mix_blend_mode et_section_regular et_block_section\" >\n\t\t\t\t\n\t\t\t\t\n\t\t\t\t\n\t\t\t\t\n\t\t\t\t\n\t\t\t\t\n\t\t\t\t<div class=\"et_d4_element et_pb_row et_pb_row_1  et_pb_css_mix_blend_mode et_block_row\">\n\t\t\t\t<div class=\"et_d4_element et_pb_column_4_4 et_pb_column et_pb_column_1  et_pb_css_mix_blend_mode et-last-child et_block_column\">\n\t\t\t\t\n\t\t\t\t\n\t\t\t\t\n\t\t\t\t\n\t\t\t\t<div class=\"et_pb_module et_d4_element et_pb_text et_pb_text_1  et_pb_text_align_left et_pb_bg_layout_light\">\n\t\t\t\t\n\t\t\t\t\n\t\t\t\t\n\t\t\t\t\n\t\t\t\t<div class=\"et_pb_text_inner\"><h2 style=\"text-align: center;\">Sundesigns<\/h2>\n<div class=\"et_pb_row et_pb_row_1\">\n<div class=\"et_pb_column et_pb_column_4_4 et_pb_column_1  et_pb_css_mix_blend_mode_passthrough et-last-child\">\n<div class=\"et_pb_module et_pb_text et_pb_text_2  et_pb_text_align_left et_pb_bg_layout_light\">\n<div class=\"et_pb_text_inner\">\n<p style=\"text-align: center;\">Quelques exemples de projets clients<\/p>\n<\/div>\n<\/div>\n<\/div>\n<\/div><\/div>\n\t\t\t<\/div>\n\t\t\t<\/div>\n\t\t\t\t\n\t\t\t\t\n\t\t\t\t\n\t\t\t\t\n\t\t\t<\/div><div class=\"et_d4_element et_pb_row et_pb_row_2  et_pb_css_mix_blend_mode et_block_row\">\n\t\t\t\t<div class=\"et_d4_element et_pb_column_1_3 et_pb_column et_pb_column_2  et_pb_css_mix_blend_mode et_block_column\">\n\t\t\t\t\n\t\t\t\t\n\t\t\t\t\n\t\t\t\t\n\t\t\t\t<div class=\"et_pb_module et_d4_element et_pb_image et_pb_image_0 et_animated et-waypoint et_pb_has_overlay\">\n\t\t\t\t\n\t\t\t\t\n\t\t\t\t\n\t\t\t\t\n\t\t\t\t<a href=\"https:\/\/nickpizzarepentigny.ca\/\"><span class=\"et_pb_image_wrap \"><img loading=\"lazy\" decoding=\"async\" width=\"1000\" height=\"1000\" src=\"https:\/\/joannesunde.ca\/wp-content\/uploads\/2022\/08\/Sundesigns-Nicks-Website.jpg\" alt=\"maquette site web vu sur laptop\" title=\"site web Nick Pizzeria\" srcset=\"https:\/\/joannesunde.ca\/wp-content\/uploads\/2022\/08\/Sundesigns-Nicks-Website.jpg 1000w, https:\/\/joannesunde.ca\/wp-content\/uploads\/2022\/08\/Sundesigns-Nicks-Website-980x980.jpg 980w, https:\/\/joannesunde.ca\/wp-content\/uploads\/2022\/08\/Sundesigns-Nicks-Website-480x480.jpg 480w\" sizes=\"(min-width: 0px) and (max-width: 480px) 480px, (min-width: 481px) and (max-width: 980px) 980px, (min-width: 981px) 1000px, 100vw\" class=\"wp-image-27072\" \/><span class=\"et_overlay et_pb_inline_icon\" data-icon=\"&\"><\/span><\/span><\/a>\n\t\t\t<\/div>\n\t\t\t<\/div><div class=\"et_d4_element et_pb_column_1_3 et_pb_column et_pb_column_3  et_pb_css_mix_blend_mode et_block_column\">\n\t\t\t\t\n\t\t\t\t\n\t\t\t\t\n\t\t\t\t\n\t\t\t\t<div class=\"et_pb_module et_d4_element et_pb_image et_pb_image_1 et_animated et-waypoint et_pb_has_overlay\">\n\t\t\t\t\n\t\t\t\t\n\t\t\t\t\n\t\t\t\t\n\t\t\t\t<a href=\"https:\/\/alexiacafecrepes.com\/\" target=\"_blank\"><span class=\"et_pb_image_wrap \"><img decoding=\"async\" src=\"https:\/\/joannesunde.ca\/wp-content\/uploads\/2025\/12\/Alexia_Web.avif\" alt=\"maquette site web vu sur laptop\" title=\"Alexia_Web\" \/><span class=\"et_overlay et_pb_inline_icon\" data-icon=\"&\"><\/span><\/span><\/a>\n\t\t\t<\/div>\n\t\t\t<\/div><div class=\"et_d4_element et_pb_column_1_3 et_pb_column et_pb_column_4  et_pb_css_mix_blend_mode et-last-child et_block_column\">\n\t\t\t\t\n\t\t\t\t\n\t\t\t\t\n\t\t\t\t\n\t\t\t\t<div class=\"et_pb_module et_d4_element et_pb_image et_pb_image_2 et_animated et-waypoint et_pb_has_overlay\">\n\t\t\t\t\n\t\t\t\t\n\t\t\t\t\n\t\t\t\t\n\t\t\t\t<a href=\"https:\/\/apscpa.ca\/\" target=\"_blank\"><span class=\"et_pb_image_wrap \"><img decoding=\"async\" src=\"https:\/\/joannesunde.ca\/wp-content\/uploads\/2025\/12\/APSCPA_Web.avif\" alt=\"maquette site web vu sur laptop\" title=\"APSCPA_Web\" \/><span class=\"et_overlay et_pb_inline_icon\" data-icon=\"&\"><\/span><\/span><\/a>\n\t\t\t<\/div>\n\t\t\t<\/div>\n\t\t\t\t\n\t\t\t\t\n\t\t\t\t\n\t\t\t\t\n\t\t\t<\/div><div class=\"et_d4_element et_pb_row et_pb_row_3  et_pb_css_mix_blend_mode et_block_row\">\n\t\t\t\t<div class=\"et_d4_element et_pb_column_4_4 et_pb_column et_pb_column_5  et_pb_css_mix_blend_mode et-last-child et_block_column\">\n\t\t\t\t\n\t\t\t\t\n\t\t\t\t\n\t\t\t\t\n\t\t\t\t<div class=\"et_pb_module et_d4_element et_pb_divider et_pb_divider_1 et_pb_space\"><div class=\"et_pb_divider_internal\"><\/div><\/div>\n\t\t\t<\/div>\n\t\t\t\t\n\t\t\t\t\n\t\t\t\t\n\t\t\t\t\n\t\t\t<\/div><div class=\"et_d4_element et_pb_row et_pb_row_4  et_pb_css_mix_blend_mode et_block_row\">\n\t\t\t\t<div class=\"et_d4_element et_pb_column_1_4 et_pb_column et_pb_column_6  et_pb_css_mix_blend_mode et_block_column\">\n\t\t\t\t\n\t\t\t\t\n\t\t\t\t\n\t\t\t\t\n\t\t\t\t<div class=\"et_pb_module et_d4_element et_pb_image et_pb_image_3\">\n\t\t\t\t\n\t\t\t\t\n\t\t\t\t\n\t\t\t\t\n\t\t\t\t<span class=\"et_pb_image_wrap \"><img loading=\"lazy\" decoding=\"async\" width=\"4923\" height=\"1474\" src=\"https:\/\/joannesunde.ca\/wp-content\/uploads\/2022\/08\/MSTS-Logo.png\" alt=\"Logo Monster Strategic Talent Solutions \" title=\"MSTS Logo\" srcset=\"https:\/\/joannesunde.ca\/wp-content\/uploads\/2022\/08\/MSTS-Logo.png 4923w, https:\/\/joannesunde.ca\/wp-content\/uploads\/2022\/08\/MSTS-Logo-1280x383.png 1280w, https:\/\/joannesunde.ca\/wp-content\/uploads\/2022\/08\/MSTS-Logo-980x293.png 980w, https:\/\/joannesunde.ca\/wp-content\/uploads\/2022\/08\/MSTS-Logo-480x144.png 480w\" sizes=\"(min-width: 0px) and (max-width: 480px) 480px, (min-width: 481px) and (max-width: 980px) 980px, (min-width: 981px) and (max-width: 1280px) 1280px, (min-width: 1281px) 4923px, 100vw\" class=\"wp-image-27083\" \/><\/span>\n\t\t\t<\/div>\n\t\t\t<\/div><div class=\"et_d4_element et_pb_column_3_4 et_pb_column et_pb_column_7  et_pb_css_mix_blend_mode et-last-child et_block_column\">\n\t\t\t\t\n\t\t\t\t\n\t\t\t\t\n\t\t\t\t\n\t\t\t\t<div class=\"et_pb_module et_d4_element et_pb_text et_pb_text_2  et_pb_text_align_left et_pb_bg_layout_light\">\n\t\t\t\t\n\t\t\t\t\n\t\t\t\t\n\t\t\t\t\n\t\t\t\t<div class=\"et_pb_text_inner\"><h2>Monster Strategic Talent Solutions<\/h2>\n<p>Lorsque je travaillais chez Monster en tant que gestionnaire de studio, j'ai principalement supervis\u00e9 le volume \u00e9lev\u00e9 de travail de conception effectu\u00e9 par mon \u00e9quipe. Cependant, j'ai eu l'occasion de concevoir des projets o\u00f9 mon \u00e9quipe et moi avons collabor\u00e9 avec ces clients pour concevoir leurs <strong>sites Web de carri\u00e8re<\/strong> en fonction d'une d\u00e9couverte appropri\u00e9e, d'un brief cr\u00e9atif et du contenu du r\u00e9dacteur et du strat\u00e8ge de la marque employeur. Une fois les conceptions pr\u00e9sent\u00e9es approuv\u00e9es, j'ai travaill\u00e9 avec les <strong>d\u00e9veloppeurs Web<\/strong> qui ont construit le site et j'ai effectu\u00e9 une <strong>assurance qualit\u00e9 compl\u00e8te<\/strong> du design avant que le site ne soit mis en ligne.<\/p><\/div>\n\t\t\t<\/div>\n\t\t\t<\/div>\n\t\t\t\t\n\t\t\t\t\n\t\t\t\t\n\t\t\t\t\n\t\t\t<\/div><div class=\"et_d4_element et_pb_row et_pb_row_5  et_pb_css_mix_blend_mode et_block_row\">\n\t\t\t\t<div class=\"et_d4_element et_pb_column_1_2 et_pb_column et_pb_column_8  et_pb_css_mix_blend_mode et_block_column\">\n\t\t\t\t\n\t\t\t\t\n\t\t\t\t\n\t\t\t\t\n\t\t\t\t<div class=\"et_pb_module et_d4_element et_pb_image et_pb_image_4 et_animated et-waypoint et_pb_has_overlay\">\n\t\t\t\t\n\t\t\t\t\n\t\t\t\t\n\t\t\t\t\n\t\t\t\t<a href=\"https:\/\/carrieres.grouperandstad.fr\/\" target=\"_blank\"><span class=\"et_pb_image_wrap \"><img loading=\"lazy\" decoding=\"async\" width=\"1000\" height=\"1000\" src=\"https:\/\/joannesunde.ca\/wp-content\/uploads\/2022\/08\/Monster-Randstad-Website-sq.jpg\" alt=\"Homme regarde un site Web sur des ordinateurs de bureau et des appareils mobiles\" title=\"Site carri\u00e8re Groupe Randstad France par Monster\" srcset=\"https:\/\/joannesunde.ca\/wp-content\/uploads\/2022\/08\/Monster-Randstad-Website-sq.jpg 1000w, https:\/\/joannesunde.ca\/wp-content\/uploads\/2022\/08\/Monster-Randstad-Website-sq-980x980.jpg 980w, https:\/\/joannesunde.ca\/wp-content\/uploads\/2022\/08\/Monster-Randstad-Website-sq-480x480.jpg 480w\" sizes=\"(min-width: 0px) and (max-width: 480px) 480px, (min-width: 481px) and (max-width: 980px) 980px, (min-width: 981px) 1000px, 100vw\" class=\"wp-image-27057\" \/><span class=\"et_overlay et_pb_inline_icon\" data-icon=\"&#x26;\"><\/span><\/span><\/a>\n\t\t\t<\/div><div class=\"et_pb_module et_d4_element et_pb_image et_pb_image_5 et_animated et-waypoint et_pb_has_overlay\">\n\t\t\t\t\n\t\t\t\t\n\t\t\t\t\n\t\t\t\t\n\t\t\t\t<a href=\"https:\/\/www.thefountaingroup.com\/home\" target=\"_blank\"><span class=\"et_pb_image_wrap \"><img loading=\"lazy\" decoding=\"async\" width=\"1000\" height=\"999\" src=\"https:\/\/joannesunde.ca\/wp-content\/uploads\/2022\/08\/Monster-TFG-Website-sq.jpg\" alt=\"Personne qui regarde le site web sur laptop et mobile\" title=\"Site carri\u00e8re The Fountain Group par Monster\" srcset=\"https:\/\/joannesunde.ca\/wp-content\/uploads\/2022\/08\/Monster-TFG-Website-sq.jpg 1000w, https:\/\/joannesunde.ca\/wp-content\/uploads\/2022\/08\/Monster-TFG-Website-sq-980x979.jpg 980w, https:\/\/joannesunde.ca\/wp-content\/uploads\/2022\/08\/Monster-TFG-Website-sq-480x480.jpg 480w\" sizes=\"(min-width: 0px) and (max-width: 480px) 480px, (min-width: 481px) and (max-width: 980px) 980px, (min-width: 981px) 1000px, 100vw\" class=\"wp-image-27059\" \/><span class=\"et_overlay et_pb_inline_icon\" data-icon=\"&#x26;\"><\/span><\/span><\/a>\n\t\t\t<\/div><div class=\"et_pb_module et_d4_element et_pb_image et_pb_image_6 et_animated et-waypoint et_pb_has_overlay\">\n\t\t\t\t\n\t\t\t\t\n\t\t\t\t\n\t\t\t\t\n\t\t\t\t<a href=\"https:\/\/careers.brooks.com\/\" target=\"_blank\"><span class=\"et_pb_image_wrap \"><img loading=\"lazy\" decoding=\"async\" width=\"1000\" height=\"1000\" src=\"https:\/\/joannesunde.ca\/wp-content\/uploads\/2022\/08\/Monster-Brooks-Website-sq.jpg\" alt=\"Personne qui regarde le site web sur laptop et mobile\" title=\"Site carri\u00e8re Brooks par Monster\" srcset=\"https:\/\/joannesunde.ca\/wp-content\/uploads\/2022\/08\/Monster-Brooks-Website-sq.jpg 1000w, https:\/\/joannesunde.ca\/wp-content\/uploads\/2022\/08\/Monster-Brooks-Website-sq-980x980.jpg 980w, https:\/\/joannesunde.ca\/wp-content\/uploads\/2022\/08\/Monster-Brooks-Website-sq-480x480.jpg 480w\" sizes=\"(min-width: 0px) and (max-width: 480px) 480px, (min-width: 481px) and (max-width: 980px) 980px, (min-width: 981px) 1000px, 100vw\" class=\"wp-image-27086\" \/><span class=\"et_overlay et_pb_inline_icon\" data-icon=\"&#x26;\"><\/span><\/span><\/a>\n\t\t\t<\/div>\n\t\t\t<\/div><div class=\"et_d4_element et_pb_column_1_2 et_pb_column et_pb_column_9  et_pb_css_mix_blend_mode et-last-child et_block_column\">\n\t\t\t\t\n\t\t\t\t\n\t\t\t\t\n\t\t\t\t\n\t\t\t\t<div class=\"et_pb_module et_d4_element et_pb_image et_pb_image_7 et_animated et-waypoint et_pb_has_overlay\">\n\t\t\t\t\n\t\t\t\t\n\t\t\t\t\n\t\t\t\t\n\t\t\t\t<a href=\"https:\/\/www.monster.com\/about\/diversity-and-inclusion\/\" target=\"_blank\"><span class=\"et_pb_image_wrap \"><img loading=\"lazy\" decoding=\"async\" width=\"1000\" height=\"1000\" src=\"https:\/\/joannesunde.ca\/wp-content\/uploads\/2022\/08\/Monster-Diversity-Site.jpg\" alt=\"Personne qui regarde le site web sur laptop et mobile\" title=\"Site diversit\u00e9 et inclusion de Monster\" srcset=\"https:\/\/joannesunde.ca\/wp-content\/uploads\/2022\/08\/Monster-Diversity-Site.jpg 1000w, https:\/\/joannesunde.ca\/wp-content\/uploads\/2022\/08\/Monster-Diversity-Site-980x980.jpg 980w, https:\/\/joannesunde.ca\/wp-content\/uploads\/2022\/08\/Monster-Diversity-Site-480x480.jpg 480w\" sizes=\"(min-width: 0px) and (max-width: 480px) 480px, (min-width: 481px) and (max-width: 980px) 980px, (min-width: 981px) 1000px, 100vw\" class=\"wp-image-27088\" \/><span class=\"et_overlay et_pb_inline_icon\" data-icon=\"&#x26;\"><\/span><\/span><\/a>\n\t\t\t<\/div><div class=\"et_pb_module et_d4_element et_pb_image et_pb_image_8 et_animated et-waypoint et_pb_has_overlay\">\n\t\t\t\t\n\t\t\t\t\n\t\t\t\t\n\t\t\t\t\n\t\t\t\t<a href=\"https:\/\/www.atr.com\/home\" target=\"_blank\"><span class=\"et_pb_image_wrap \"><img loading=\"lazy\" decoding=\"async\" width=\"1000\" height=\"1000\" src=\"https:\/\/joannesunde.ca\/wp-content\/uploads\/2022\/08\/Monster-ATR-Website-sq.jpg\" alt=\"Personne regardant le site Web sur iPad et appareils mobiles\" title=\"Site carri\u00e8re ATR par Monster\" srcset=\"https:\/\/joannesunde.ca\/wp-content\/uploads\/2022\/08\/Monster-ATR-Website-sq.jpg 1000w, https:\/\/joannesunde.ca\/wp-content\/uploads\/2022\/08\/Monster-ATR-Website-sq-980x980.jpg 980w, https:\/\/joannesunde.ca\/wp-content\/uploads\/2022\/08\/Monster-ATR-Website-sq-480x480.jpg 480w\" sizes=\"(min-width: 0px) and (max-width: 480px) 480px, (min-width: 481px) and (max-width: 980px) 980px, (min-width: 981px) 1000px, 100vw\" class=\"wp-image-27055\" \/><span class=\"et_overlay et_pb_inline_icon\" data-icon=\"&#x26;\"><\/span><\/span><\/a>\n\t\t\t<\/div>\n\t\t\t<\/div>\n\t\t\t\t\n\t\t\t\t\n\t\t\t\t\n\t\t\t\t\n\t\t\t<\/div><div class=\"et_d4_element et_pb_row et_pb_row_6  et_pb_css_mix_blend_mode et_block_row\">\n\t\t\t\t<div class=\"et_d4_element et_pb_column_4_4 et_pb_column et_pb_column_10  et_pb_css_mix_blend_mode et-last-child et_block_column\">\n\t\t\t\t\n\t\t\t\t\n\t\t\t\t\n\t\t\t\t\n\t\t\t\t<div class=\"et_pb_module et_d4_element et_pb_divider et_pb_divider_2 et_pb_space\"><div class=\"et_pb_divider_internal\"><\/div><\/div>\n\t\t\t<\/div>\n\t\t\t\t\n\t\t\t\t\n\t\t\t\t\n\t\t\t\t\n\t\t\t<\/div><div class=\"et_d4_element et_pb_row et_pb_row_7  et_pb_css_mix_blend_mode et_block_row\">\n\t\t\t\t<div class=\"et_d4_element et_pb_column_1_4 et_pb_column et_pb_column_11  et_pb_css_mix_blend_mode et_block_column\">\n\t\t\t\t\n\t\t\t\t\n\t\t\t\t\n\t\t\t\t\n\t\t\t\t<div class=\"et_pb_module et_d4_element et_pb_image et_pb_image_9\">\n\t\t\t\t\n\t\t\t\t\n\t\t\t\t\n\t\t\t\t\n\t\t\t\t<span class=\"et_pb_image_wrap \"><img loading=\"lazy\" decoding=\"async\" width=\"993\" height=\"500\" src=\"https:\/\/joannesunde.ca\/wp-content\/uploads\/2018\/07\/Logo_OBNL360.jpg\" alt=\"OBNL 360 Logo\" title=\"Logo OBNL360\" srcset=\"https:\/\/joannesunde.ca\/wp-content\/uploads\/2018\/07\/Logo_OBNL360.jpg 993w, https:\/\/joannesunde.ca\/wp-content\/uploads\/2018\/07\/Logo_OBNL360-300x151.jpg 300w, https:\/\/joannesunde.ca\/wp-content\/uploads\/2018\/07\/Logo_OBNL360-768x387.jpg 768w\" sizes=\"(max-width: 993px) 100vw, 993px\" class=\"wp-image-26469\" \/><\/span>\n\t\t\t<\/div>\n\t\t\t<\/div><div class=\"et_d4_element et_pb_column_3_4 et_pb_column et_pb_column_12  et_pb_css_mix_blend_mode et-last-child et_block_column\">\n\t\t\t\t\n\t\t\t\t\n\t\t\t\t\n\t\t\t\t\n\t\t\t\t<div class=\"et_pb_module et_d4_element et_pb_text et_pb_text_3  et_pb_text_align_left et_pb_bg_layout_light\">\n\t\t\t\t\n\t\t\t\t\n\t\t\t\t\n\t\t\t\t\n\t\t\t\t<div class=\"et_pb_text_inner\"><h2>C4 Communications\u00a0 \/ OBNL 360<\/h2>\n<p>Lorsque je travaillais chez C4 Communications, j'ai con\u00e7u divers <strong>sites Web<\/strong> en collaboration avec les d\u00e9veloppeurs Web qui ont construit le site. Voici quelques exemples du travail que j'ai effectu\u00e9 pour leurs clients.<\/p><\/div>\n\t\t\t<\/div>\n\t\t\t<\/div>\n\t\t\t\t\n\t\t\t\t\n\t\t\t\t\n\t\t\t\t\n\t\t\t<\/div><div class=\"et_d4_element et_pb_row et_pb_row_8 et_pb_equal_columns  et_pb_css_mix_blend_mode et_block_row\">\n\t\t\t\t<div class=\"et_d4_element et_pb_column_2_3 et_pb_column et_pb_column_13  et_pb_css_mix_blend_mode et_block_column\">\n\t\t\t\t\n\t\t\t\t\n\t\t\t\t\n\t\t\t\t\n\t\t\t\t<div class=\"et_pb_module et_d4_element et_pb_image et_pb_image_10 et_animated et-waypoint et_pb_has_overlay\">\n\t\t\t\t\n\t\t\t\t\n\t\t\t\t\n\t\t\t\t\n\t\t\t\t<a href=\"https:\/\/obnl360.ca\/\" target=\"_blank\"><span class=\"et_pb_image_wrap \"><img loading=\"lazy\" decoding=\"async\" width=\"1024\" height=\"683\" src=\"https:\/\/joannesunde.ca\/wp-content\/uploads\/2018\/07\/OBNL360-website.jpg\" alt=\"Homme regarde un site Web sur des ordinateurs de bureau et des appareils mobiles\" title=\"OBNL360-website\" srcset=\"https:\/\/joannesunde.ca\/wp-content\/uploads\/2018\/07\/OBNL360-website.jpg 1024w, https:\/\/joannesunde.ca\/wp-content\/uploads\/2018\/07\/OBNL360-website-300x200.jpg 300w, https:\/\/joannesunde.ca\/wp-content\/uploads\/2018\/07\/OBNL360-website-768x512.jpg 768w\" sizes=\"(max-width: 1024px) 100vw, 1024px\" class=\"wp-image-26471\" \/><span class=\"et_overlay et_pb_inline_icon\" data-icon=\"&#x26;\"><\/span><\/span><\/a>\n\t\t\t<\/div>\n\t\t\t<\/div><div class=\"et_d4_element et_pb_column_1_3 et_pb_column et_pb_column_14  et_pb_css_mix_blend_mode et-last-child et_block_column\">\n\t\t\t\t\n\t\t\t\t\n\t\t\t\t\n\t\t\t\t\n\t\t\t\t<div class=\"et_pb_module et_d4_element et_pb_image et_pb_image_11 et_animated et-waypoint et_pb_has_overlay\">\n\t\t\t\t\n\t\t\t\t\n\t\t\t\t\n\t\t\t\t\n\t\t\t\t<a href=\"https:\/\/joannesunde.ca\/wp-content\/uploads\/2017\/07\/EspaceOBNL-Ordi2-1024x682.jpg\" class=\"et_pb_lightbox_image\" title=\"\"><span class=\"et_pb_image_wrap \"><img loading=\"lazy\" decoding=\"async\" width=\"1024\" height=\"682\" src=\"https:\/\/joannesunde.ca\/wp-content\/uploads\/2017\/07\/EspaceOBNL-Ordi2-1024x682.jpg\" alt=\"\" title=\"Image site web Espace OBNL\" srcset=\"https:\/\/joannesunde.ca\/wp-content\/uploads\/2017\/07\/EspaceOBNL-Ordi2-1024x682.jpg 1024w, https:\/\/joannesunde.ca\/wp-content\/uploads\/2017\/07\/EspaceOBNL-Ordi2-300x200.jpg 300w, https:\/\/joannesunde.ca\/wp-content\/uploads\/2017\/07\/EspaceOBNL-Ordi2-768x512.jpg 768w, https:\/\/joannesunde.ca\/wp-content\/uploads\/2017\/07\/EspaceOBNL-Ordi2-1080x720.jpg 1080w, https:\/\/joannesunde.ca\/wp-content\/uploads\/2017\/07\/EspaceOBNL-Ordi2.jpg 1280w\" sizes=\"(max-width: 1024px) 100vw, 1024px\" class=\"wp-image-26385\" \/><span class=\"et_overlay et_pb_inline_icon\" data-icon=\"&\"><\/span><\/span><\/a>\n\t\t\t<\/div><div class=\"et_pb_module et_d4_element et_pb_image et_pb_image_12 et_animated et-waypoint et_pb_has_overlay\">\n\t\t\t\t\n\t\t\t\t\n\t\t\t\t\n\t\t\t\t\n\t\t\t\t<a href=\"https:\/\/joannesunde.ca\/wp-content\/uploads\/2016\/10\/C4-Genipro_com-FR.jpg\" class=\"et_pb_lightbox_image\" title=\"\"><span class=\"et_pb_image_wrap \"><img loading=\"lazy\" decoding=\"async\" width=\"1080\" height=\"721\" src=\"https:\/\/joannesunde.ca\/wp-content\/uploads\/2016\/10\/C4-Genipro_com-FR.jpg\" alt=\"\" title=\"Genipro Website Montage Image\" srcset=\"https:\/\/joannesunde.ca\/wp-content\/uploads\/2016\/10\/C4-Genipro_com-FR.jpg 1080w, https:\/\/joannesunde.ca\/wp-content\/uploads\/2016\/10\/C4-Genipro_com-FR-300x200.jpg 300w, https:\/\/joannesunde.ca\/wp-content\/uploads\/2016\/10\/C4-Genipro_com-FR-768x513.jpg 768w, https:\/\/joannesunde.ca\/wp-content\/uploads\/2016\/10\/C4-Genipro_com-FR-1024x684.jpg 1024w\" sizes=\"(max-width: 1080px) 100vw, 1080px\" class=\"wp-image-26001\" \/><span class=\"et_overlay et_pb_inline_icon\" data-icon=\"&\"><\/span><\/span><\/a>\n\t\t\t<\/div>\n\t\t\t<\/div>\n\t\t\t\t\n\t\t\t\t\n\t\t\t\t\n\t\t\t\t\n\t\t\t<\/div><div class=\"et_d4_element et_pb_row et_pb_row_9  et_pb_css_mix_blend_mode et_block_row\">\n\t\t\t\t<div class=\"et_d4_element et_pb_column_4_4 et_pb_column et_pb_column_15  et_pb_css_mix_blend_mode et-last-child et_block_column\">\n\t\t\t\t\n\t\t\t\t\n\t\t\t\t\n\t\t\t\t\n\t\t\t\t<div class=\"et_pb_module et_d4_element et_pb_image et_pb_image_13 et_animated et-waypoint et_pb_has_overlay\">\n\t\t\t\t\n\t\t\t\t\n\t\t\t\t\n\t\t\t\t\n\t\t\t\t<a href=\"https:\/\/joannesunde.ca\/wp-content\/uploads\/2017\/07\/HOLOGARDE_SCREENS.jpg\" class=\"et_pb_lightbox_image\" title=\"\"><span class=\"et_pb_image_wrap \"><img loading=\"lazy\" decoding=\"async\" width=\"3000\" height=\"1015\" src=\"https:\/\/joannesunde.ca\/wp-content\/uploads\/2017\/07\/HOLOGARDE_SCREENS.jpg\" alt=\"\" title=\"Hologarde Website Montage Image\" srcset=\"https:\/\/joannesunde.ca\/wp-content\/uploads\/2017\/07\/HOLOGARDE_SCREENS.jpg 3000w, https:\/\/joannesunde.ca\/wp-content\/uploads\/2017\/07\/HOLOGARDE_SCREENS-300x102.jpg 300w, https:\/\/joannesunde.ca\/wp-content\/uploads\/2017\/07\/HOLOGARDE_SCREENS-768x260.jpg 768w, https:\/\/joannesunde.ca\/wp-content\/uploads\/2017\/07\/HOLOGARDE_SCREENS-1024x346.jpg 1024w, https:\/\/joannesunde.ca\/wp-content\/uploads\/2017\/07\/HOLOGARDE_SCREENS-1080x365.jpg 1080w\" sizes=\"(max-width: 3000px) 100vw, 3000px\" class=\"wp-image-26314\" \/><span class=\"et_overlay et_pb_inline_icon\" data-icon=\"&\"><\/span><\/span><\/a>\n\t\t\t<\/div>\n\t\t\t<\/div>\n\t\t\t\t\n\t\t\t\t\n\t\t\t\t\n\t\t\t\t\n\t\t\t<\/div>\n\t\t\t\t\n\t\t\t\t\n\t\t\t<\/div><\/p>\n","protected":false},"excerpt":{"rendered":"","protected":false},"author":1,"featured_media":0,"parent":0,"menu_order":0,"comment_status":"closed","ping_status":"closed","template":"","meta":{"_et_pb_use_builder":"on","_et_pb_old_content":"","_et_gb_content_width":"","footnotes":""},"class_list":["post-27304","page","type-page","status-publish","hentry"],"_links":{"self":[{"href":"https:\/\/joannesunde.ca\/fr\/wp-json\/wp\/v2\/pages\/27304","targetHints":{"allow":["GET"]}}],"collection":[{"href":"https:\/\/joannesunde.ca\/fr\/wp-json\/wp\/v2\/pages"}],"about":[{"href":"https:\/\/joannesunde.ca\/fr\/wp-json\/wp\/v2\/types\/page"}],"author":[{"embeddable":true,"href":"https:\/\/joannesunde.ca\/fr\/wp-json\/wp\/v2\/users\/1"}],"replies":[{"embeddable":true,"href":"https:\/\/joannesunde.ca\/fr\/wp-json\/wp\/v2\/comments?post=27304"}],"version-history":[{"count":6,"href":"https:\/\/joannesunde.ca\/fr\/wp-json\/wp\/v2\/pages\/27304\/revisions"}],"predecessor-version":[{"id":29300,"href":"https:\/\/joannesunde.ca\/fr\/wp-json\/wp\/v2\/pages\/27304\/revisions\/29300"}],"wp:attachment":[{"href":"https:\/\/joannesunde.ca\/fr\/wp-json\/wp\/v2\/media?parent=27304"}],"curies":[{"name":"wp","href":"https:\/\/api.w.org\/{rel}","templated":true}]}}