{"id":28176,"date":"2024-01-30T16:21:07","date_gmt":"2024-01-30T21:21:07","guid":{"rendered":"https:\/\/joannesunde.ca\/portfolio-de-design-de-presentations\/"},"modified":"2024-03-28T10:33:23","modified_gmt":"2024-03-28T14:33:23","slug":"portfolio-de-design-de-presentations","status":"publish","type":"page","link":"https:\/\/joannesunde.ca\/fr\/portfolio-de-design-de-presentations\/","title":{"rendered":"Portfolio de design de pr\u00e9sentations"},"content":{"rendered":"<p><div class=\"et_d4_element et_pb_section et_pb_section_0 et_animated et_pb_with_background  et_pb_css_mix_blend_mode et_section_regular et_block_section\" >\n\t\t\t\t\n\t\t\t\t\n\t\t\t\t\n\t\t\t\t\n\t\t\t\t\n\t\t\t\t\n\t\t\t\t<div class=\"et_d4_element et_pb_row et_pb_row_0 et_animated  et_pb_css_mix_blend_mode et_block_row\">\n\t\t\t\t<div class=\"et_d4_element et_pb_column_4_4 et_pb_column et_pb_column_0  et_pb_css_mix_blend_mode et-last-child et_block_column\">\n\t\t\t\t\n\t\t\t\t\n\t\t\t\t\n\t\t\t\t\n\t\t\t\t<div class=\"et_pb_module et_d4_element et_pb_text et_pb_text_0 et_animated  et_pb_text_align_left et_pb_bg_layout_light\">\n\t\t\t\t\n\t\t\t\t\n\t\t\t\t\n\t\t\t\t\n\t\t\t\t<div class=\"et_pb_text_inner\"><h1>Portfolio de design de pr\u00e9sentations<\/h1>\n<p>Quelques exemples de mon travail de design de pr\u00e9sentations chez Monster, Sundesigns, C4 Communications et Zoom Media. Comme la nature de ce travail est g\u00e9n\u00e9ralement confidentielle, je ne peux pas pr\u00e9senter les innombrables documents d'entreprise tels que les appels d'offres, les r\u00e9sultats de recherche, les sommets de vente, et d'autres sur lesquels j'ai travaill\u00e9.<\/p><\/div>\n\t\t\t<\/div>\n\t\t\t<\/div>\n\t\t\t\t\n\t\t\t\t\n\t\t\t\t\n\t\t\t\t\n\t\t\t<\/div>\n\t\t\t\t\n\t\t\t\t\n\t\t\t<\/div><div class=\"et_d4_element et_pb_section et_pb_section_1  et_pb_css_mix_blend_mode et_pb_fullwidth_section et_section_regular et_block_section\" >\n\t\t\t\t\n\t\t\t\t\n\t\t\t\t\n\t\t\t\t\n\t\t\t\t\n\t\t\t\t\n\t\t\t\t<div class=\"et_pb_module et_d4_element et_pb_fullwidth_portfolio et_pb_fullwidth_portfolio_0  et_pb_css_mix_blend_mode et_pb_bg_layout_dark et_pb_fullwidth_portfolio_grid clearfix\" data-auto-rotate=\"off\" data-auto-rotate-speed=\"7000\">\n\t\t\t\t\n\t\t\t\t\n\t\t\t\t\n\t\t\t\t\n\t\t\t\t\n\t\t\t\t<div class=\"et_pb_portfolio_items clearfix\" data-portfolio-columns=\"\">\n\t\t\t\t\t\t\t\t\t<div id=\"post-28970\" class=\"et_pb_portfolio_item et_pb_grid_item et_pb_fullwidth_portfolio_item_0_0 post-28970 project type-project status-publish has-post-thumbnail hentry project_category-corporatif project_category-design-de-presentation project_category-design-graphique project_category-mediasociaux project_category-obnl project_tag-cfa-montreal-fr project_tag-powerpoint-fr\">\n\t\t\t\t\t\t\t\t\t\t<div class=\"et_pb_portfolio_image landscape\">\n\t\t\t\t\t\t\t<img loading=\"lazy\" decoding=\"async\" width=\"510\" height=\"382\" src=\"https:\/\/joannesunde.ca\/wp-content\/uploads\/2025\/01\/CFA-Plan-Comm-pexels-pixabay-510x382.avif\" alt=\"CFA Mont\u00e9al &#8211; InvestPact 2024\" srcset=\"https:\/\/joannesunde.ca\/wp-content\/uploads\/2025\/01\/CFA-Plan-Comm-pexels-pixabay.avif 479w, https:\/\/joannesunde.ca\/wp-content\/uploads\/2025\/01\/CFA-Plan-Comm-pexels-pixabay-510x382.avif 480w\" sizes=\"(max-width:479px) 479px, 100vw\" class=\"wp-image-28915\" \/>\t\t\t\t\t\t\t<div class=\"meta\">\n\t\t\t\t\t\t\t<a href=\"https:\/\/joannesunde.ca\/fr\/project\/cfa-monteal-investpact-2024\/\">\n\t\t\t\t\t\t\t<span class=\"et_overlay\"><\/span><h3 class=\"et_pb_module_header\">CFA Mont\u00e9al &#8211; InvestPact 2024<\/h3><p class=\"post-meta et_multi_view_hidden\">22 janvier 2025<\/p>\t\t\t\t\t\t\t\t<\/a>\n\t\t\t\t\t\t\t<\/div>\n\t\t\t\t\t\t<\/div>\n\t\t\t\t\t\t\t\t<\/div>\n\t\t\t\t\t\t\t\t<div id=\"post-28892\" class=\"et_pb_portfolio_item et_pb_grid_item et_pb_fullwidth_portfolio_item_0_1 post-28892 project type-project status-publish has-post-thumbnail hentry project_category-design-de-presentation project_category-design-graphique project_category-salon-professionnel project_category-sante-et-bien-etre\">\n\t\t\t\t\t\t\t\t\t\t<div class=\"et_pb_portfolio_image landscape\">\n\t\t\t\t\t\t\t<img loading=\"lazy\" decoding=\"async\" width=\"510\" height=\"382\" src=\"https:\/\/joannesunde.ca\/wp-content\/uploads\/2025\/01\/thumb_arbonne-510x382.avif\" alt=\"Arbonne &#8211; Erika de Oliveira\" srcset=\"https:\/\/joannesunde.ca\/wp-content\/uploads\/2025\/01\/thumb_arbonne.avif 479w, https:\/\/joannesunde.ca\/wp-content\/uploads\/2025\/01\/thumb_arbonne-510x382.avif 480w\" sizes=\"(max-width:479px) 479px, 100vw\" class=\"wp-image-28859\" \/>\t\t\t\t\t\t\t<div class=\"meta\">\n\t\t\t\t\t\t\t<a href=\"https:\/\/joannesunde.ca\/fr\/project\/arbonne-erika-de-oliveira\/\">\n\t\t\t\t\t\t\t<span class=\"et_overlay\"><\/span><h3 class=\"et_pb_module_header\">Arbonne &#8211; Erika de Oliveira<\/h3><p class=\"post-meta et_multi_view_hidden\">8 janvier 2025<\/p>\t\t\t\t\t\t\t\t<\/a>\n\t\t\t\t\t\t\t<\/div>\n\t\t\t\t\t\t<\/div>\n\t\t\t\t\t\t\t\t<\/div>\n\t\t\t\t\t\t\t\t<div id=\"post-28700\" class=\"et_pb_portfolio_item et_pb_grid_item et_pb_fullwidth_portfolio_item_0_2 post-28700 project type-project status-publish has-post-thumbnail hentry project_category-corporatif project_category-design-de-presentation project_tag-brochure-fr\">\n\t\t\t\t\t\t\t\t\t\t<div class=\"et_pb_portfolio_image landscape\">\n\t\t\t\t\t\t\t<img loading=\"lazy\" decoding=\"async\" width=\"510\" height=\"382\" src=\"https:\/\/joannesunde.ca\/wp-content\/uploads\/2024\/06\/Brochure_BN-Thumb-510x382.avif\" alt=\"Brochure num\u00e9rique\" srcset=\"https:\/\/joannesunde.ca\/wp-content\/uploads\/2024\/06\/Brochure_BN-Thumb-jpg.avif 479w, https:\/\/joannesunde.ca\/wp-content\/uploads\/2024\/06\/Brochure_BN-Thumb-510x382.avif 480w\" sizes=\"(max-width:479px) 479px, 100vw\" class=\"wp-image-28654\" \/>\t\t\t\t\t\t\t<div class=\"meta\">\n\t\t\t\t\t\t\t<a href=\"https:\/\/joannesunde.ca\/fr\/project\/brochure-numerique\/\">\n\t\t\t\t\t\t\t<span class=\"et_overlay\"><\/span><h3 class=\"et_pb_module_header\">Brochure num\u00e9rique<\/h3><p class=\"post-meta et_multi_view_hidden\">14 juin 2024<\/p>\t\t\t\t\t\t\t\t<\/a>\n\t\t\t\t\t\t\t<\/div>\n\t\t\t\t\t\t<\/div>\n\t\t\t\t\t\t\t\t<\/div>\n\t\t\t\t\t\t\t\t<div id=\"post-28171\" class=\"et_pb_portfolio_item et_pb_grid_item et_pb_fullwidth_portfolio_item_0_3 post-28171 project type-project status-publish has-post-thumbnail hentry project_category-design-de-presentation\">\n\t\t\t\t\t\t\t\t\t\t<div class=\"et_pb_portfolio_image landscape\">\n\t\t\t\t\t\t\t<img loading=\"lazy\" decoding=\"async\" width=\"510\" height=\"382\" src=\"https:\/\/joannesunde.ca\/wp-content\/uploads\/2024\/01\/Master-Slide-Deck-510x382.jpg\" alt=\"Gabarit de pr\u00e9sentation\" srcset=\"https:\/\/joannesunde.ca\/wp-content\/uploads\/2024\/01\/Master-Slide-Deck.jpg 479w, https:\/\/joannesunde.ca\/wp-content\/uploads\/2024\/01\/Master-Slide-Deck-510x382.jpg 480w\" sizes=\"(max-width:479px) 479px, 100vw\" class=\"wp-image-28155\" \/>\t\t\t\t\t\t\t<div class=\"meta\">\n\t\t\t\t\t\t\t<a href=\"https:\/\/joannesunde.ca\/fr\/project\/gabarit-de-presentation\/\">\n\t\t\t\t\t\t\t<span class=\"et_overlay\"><\/span><h3 class=\"et_pb_module_header\">Gabarit de pr\u00e9sentation<\/h3><p class=\"post-meta et_multi_view_hidden\">30 janvier 2024<\/p>\t\t\t\t\t\t\t\t<\/a>\n\t\t\t\t\t\t\t<\/div>\n\t\t\t\t\t\t<\/div>\n\t\t\t\t\t\t\t\t<\/div>\n\t\t\t\t\t\t\t\t<div id=\"post-27997\" class=\"et_pb_portfolio_item et_pb_grid_item et_pb_fullwidth_portfolio_item_0_4 post-27997 project type-project status-publish has-post-thumbnail hentry project_category-corporatif project_category-design-de-presentation project_tag-powerpoint-fr\">\n\t\t\t\t\t\t\t\t\t\t<div class=\"et_pb_portfolio_image landscape\">\n\t\t\t\t\t\t\t<img loading=\"lazy\" decoding=\"async\" width=\"510\" height=\"382\" src=\"https:\/\/joannesunde.ca\/wp-content\/uploads\/2024\/01\/Mango-Group_header-510x382.jpg\" alt=\"Pr\u00e9sentation conf\u00e9rence sur le Leadership\" srcset=\"https:\/\/joannesunde.ca\/wp-content\/uploads\/2024\/01\/Mango-Group_header.jpg 479w, https:\/\/joannesunde.ca\/wp-content\/uploads\/2024\/01\/Mango-Group_header-510x382.jpg 480w\" sizes=\"(max-width:479px) 479px, 100vw\" class=\"wp-image-27868\" \/>\t\t\t\t\t\t\t<div class=\"meta\">\n\t\t\t\t\t\t\t<a href=\"https:\/\/joannesunde.ca\/fr\/project\/presentation-conference-sur-le-leadership\/\">\n\t\t\t\t\t\t\t<span class=\"et_overlay\"><\/span><h3 class=\"et_pb_module_header\">Pr\u00e9sentation conf\u00e9rence sur le Leadership<\/h3><p class=\"post-meta et_multi_view_hidden\">23 janvier 2024<\/p>\t\t\t\t\t\t\t\t<\/a>\n\t\t\t\t\t\t\t<\/div>\n\t\t\t\t\t\t<\/div>\n\t\t\t\t\t\t\t\t<\/div>\n\t\t\t\t\t\t\t\t<div id=\"post-26321\" class=\"et_pb_portfolio_item et_pb_grid_item et_pb_fullwidth_portfolio_item_0_5 post-26321 project type-project status-publish has-post-thumbnail hentry project_category-annonces project_category-brand-identity-fr project_category-corporatif project_category-design-de-presentation project_category-design-graphique project_category-logofr project_category-sitesweb project_tag-c4-communications-fr project_tag-dsna-services-fr project_tag-hologarde-fr\">\n\t\t\t\t\t\t\t\t\t\t<div class=\"et_pb_portfolio_image landscape\">\n\t\t\t\t\t\t\t<img loading=\"lazy\" decoding=\"async\" width=\"510\" height=\"382\" src=\"https:\/\/joannesunde.ca\/wp-content\/uploads\/2017\/07\/Hologarde-Thumb-510x382.png\" alt=\"Hologarde\" srcset=\"https:\/\/joannesunde.ca\/wp-content\/uploads\/2017\/07\/Hologarde-Thumb.png 479w, https:\/\/joannesunde.ca\/wp-content\/uploads\/2017\/07\/Hologarde-Thumb-510x382.png 480w\" sizes=\"(max-width:479px) 479px, 100vw\" class=\"wp-image-26315\" \/>\t\t\t\t\t\t\t<div class=\"meta\">\n\t\t\t\t\t\t\t<a href=\"https:\/\/joannesunde.ca\/fr\/project\/hologarde\/\">\n\t\t\t\t\t\t\t<span class=\"et_overlay\"><\/span><h3 class=\"et_pb_module_header\">Hologarde<\/h3><p class=\"post-meta et_multi_view_hidden\">1 juin 2017<\/p>\t\t\t\t\t\t\t\t<\/a>\n\t\t\t\t\t\t\t<\/div>\n\t\t\t\t\t\t<\/div>\n\t\t\t\t\t\t\t\t<\/div>\n\t\t\t\t\t\t\t\t<div id=\"post-27629\" class=\"et_pb_portfolio_item et_pb_grid_item et_pb_fullwidth_portfolio_item_0_6 post-27629 project type-project status-publish has-post-thumbnail hentry project_category-brand-identity-fr project_category-cartesdaff project_category-design-de-presentation project_category-logofr project_category-obnl project_tag-branding-fr project_tag-brochure-fr project_tag-c4-communications-fr\">\n\t\t\t\t\t\t\t\t\t\t<div class=\"et_pb_portfolio_image landscape\">\n\t\t\t\t\t\t\t<img loading=\"lazy\" decoding=\"async\" width=\"510\" height=\"382\" src=\"https:\/\/joannesunde.ca\/wp-content\/uploads\/2023\/04\/CHM-th-510x382.png\" alt=\"Capital Humain Montr\u00e9al\" srcset=\"https:\/\/joannesunde.ca\/wp-content\/uploads\/2023\/04\/CHM-th.png 479w, https:\/\/joannesunde.ca\/wp-content\/uploads\/2023\/04\/CHM-th-510x382.png 480w\" sizes=\"(max-width:479px) 479px, 100vw\" class=\"wp-image-27593\" \/>\t\t\t\t\t\t\t<div class=\"meta\">\n\t\t\t\t\t\t\t<a href=\"https:\/\/joannesunde.ca\/fr\/project\/chm-fr\/\">\n\t\t\t\t\t\t\t<span class=\"et_overlay\"><\/span><h3 class=\"et_pb_module_header\">Capital Humain Montr\u00e9al<\/h3><p class=\"post-meta et_multi_view_hidden\">6 avril 2017<\/p>\t\t\t\t\t\t\t\t<\/a>\n\t\t\t\t\t\t\t<\/div>\n\t\t\t\t\t\t<\/div>\n\t\t\t\t\t\t\t\t<\/div>\n\t\t\t\t\t\t\t\t<div id=\"post-26057\" class=\"et_pb_portfolio_item et_pb_grid_item et_pb_fullwidth_portfolio_item_0_7 post-26057 project type-project status-publish has-post-thumbnail hentry project_category-cartesdaff project_category-corporatif project_category-design-de-presentation project_category-design-graphique project_tag-c4-communications-fr project_tag-johanne-de-rancourt-fr\">\n\t\t\t\t\t\t\t\t\t\t<div class=\"et_pb_portfolio_image landscape\">\n\t\t\t\t\t\t\t<img loading=\"lazy\" decoding=\"async\" width=\"380\" height=\"286\" src=\"https:\/\/joannesunde.ca\/wp-content\/uploads\/2023\/04\/Thumb.png\" alt=\"Johanne de Rancourt\" srcset=\"https:\/\/joannesunde.ca\/wp-content\/uploads\/2023\/04\/Thumb.png 479w, https:\/\/joannesunde.ca\/wp-content\/uploads\/2023\/04\/Thumb.png 480w\" sizes=\"(max-width:479px) 479px, 100vw\" class=\"wp-image-27509\" \/>\t\t\t\t\t\t\t<div class=\"meta\">\n\t\t\t\t\t\t\t<a href=\"https:\/\/joannesunde.ca\/fr\/project\/johanne-de-rancourt\/\">\n\t\t\t\t\t\t\t<span class=\"et_overlay\"><\/span><h3 class=\"et_pb_module_header\">Johanne de Rancourt<\/h3><p class=\"post-meta et_multi_view_hidden\">1 ao\u00fbt 2016<\/p>\t\t\t\t\t\t\t\t<\/a>\n\t\t\t\t\t\t\t<\/div>\n\t\t\t\t\t\t<\/div>\n\t\t\t\t\t\t\t\t<\/div>\n\t\t\t\t\t\t\t\t<div id=\"post-2770\" class=\"et_pb_portfolio_item et_pb_grid_item et_pb_fullwidth_portfolio_item_0_8 post-2770 project type-project status-publish has-post-thumbnail hentry project_category-annonces project_category-design-de-presentation project_tag-c4-communications-fr project_tag-cfa-montreal-fr project_tag-la-presse\">\n\t\t\t\t\t\t\t\t\t\t<div class=\"et_pb_portfolio_image landscape\">\n\t\t\t\t\t\t\t<img loading=\"lazy\" decoding=\"async\" width=\"510\" height=\"382\" src=\"https:\/\/joannesunde.ca\/wp-content\/uploads\/2015\/09\/LaPressPlus-CFAMontreal-Tablet-510x382.jpg\" alt=\"CFA Montreal 2016 Campaign\" srcset=\"https:\/\/joannesunde.ca\/wp-content\/uploads\/2015\/09\/LaPressPlus-CFAMontreal-Tablet.jpg 479w, https:\/\/joannesunde.ca\/wp-content\/uploads\/2015\/09\/LaPressPlus-CFAMontreal-Tablet-510x382.jpg 480w\" sizes=\"(max-width:479px) 479px, 100vw\" class=\"wp-image-2710\" \/>\t\t\t\t\t\t\t<div class=\"meta\">\n\t\t\t\t\t\t\t<a href=\"https:\/\/joannesunde.ca\/fr\/project\/cfa-montreal-2016-campaign\/\">\n\t\t\t\t\t\t\t<span class=\"et_overlay\"><\/span><h3 class=\"et_pb_module_header\">CFA Montreal 2016 Campaign<\/h3><p class=\"post-meta et_multi_view_hidden\">27 mai 2016<\/p>\t\t\t\t\t\t\t\t<\/a>\n\t\t\t\t\t\t\t<\/div>\n\t\t\t\t\t\t<\/div>\n\t\t\t\t\t\t\t\t<\/div>\n\t\t\t\t\n\t\t\t\t<\/div>\n\t\t\t<\/div>\n\t\t\t\t\n\t\t\t\t\n\t\t\t<\/div><\/p>\n","protected":false},"excerpt":{"rendered":"","protected":false},"author":1,"featured_media":27868,"parent":0,"menu_order":0,"comment_status":"closed","ping_status":"closed","template":"","meta":{"_et_pb_use_builder":"on","_et_pb_old_content":"","_et_gb_content_width":"","footnotes":""},"class_list":["post-28176","page","type-page","status-publish","has-post-thumbnail","hentry"],"_links":{"self":[{"href":"https:\/\/joannesunde.ca\/fr\/wp-json\/wp\/v2\/pages\/28176","targetHints":{"allow":["GET"]}}],"collection":[{"href":"https:\/\/joannesunde.ca\/fr\/wp-json\/wp\/v2\/pages"}],"about":[{"href":"https:\/\/joannesunde.ca\/fr\/wp-json\/wp\/v2\/types\/page"}],"author":[{"embeddable":true,"href":"https:\/\/joannesunde.ca\/fr\/wp-json\/wp\/v2\/users\/1"}],"replies":[{"embeddable":true,"href":"https:\/\/joannesunde.ca\/fr\/wp-json\/wp\/v2\/comments?post=28176"}],"version-history":[{"count":4,"href":"https:\/\/joannesunde.ca\/fr\/wp-json\/wp\/v2\/pages\/28176\/revisions"}],"predecessor-version":[{"id":28328,"href":"https:\/\/joannesunde.ca\/fr\/wp-json\/wp\/v2\/pages\/28176\/revisions\/28328"}],"wp:featuredmedia":[{"embeddable":true,"href":"https:\/\/joannesunde.ca\/fr\/wp-json\/wp\/v2\/media\/27868"}],"wp:attachment":[{"href":"https:\/\/joannesunde.ca\/fr\/wp-json\/wp\/v2\/media?parent=28176"}],"curies":[{"name":"wp","href":"https:\/\/api.w.org\/{rel}","templated":true}]}}