{"id":29054,"date":"2025-07-31T09:30:54","date_gmt":"2025-07-31T13:30:54","guid":{"rendered":"https:\/\/joannesunde.ca\/politique-de-confidentialite\/"},"modified":"2025-07-31T09:34:26","modified_gmt":"2025-07-31T13:34:26","slug":"politique-de-confidentialite","status":"publish","type":"page","link":"https:\/\/joannesunde.ca\/fr\/politique-de-confidentialite\/","title":{"rendered":"Politique de confidentialit\u00e9"},"content":{"rendered":"<div class=\"et_d4_element et_pb_section et_pb_section_0  et_pb_css_mix_blend_mode et_section_regular et_block_section\" >\n\t\t\t\t\n\t\t\t\t\n\t\t\t\t\n\t\t\t\t\n\t\t\t\t\n\t\t\t\t\n\t\t\t\t<div class=\"et_d4_element et_pb_row et_pb_row_0  et_pb_css_mix_blend_mode et_block_row\">\n\t\t\t\t<div class=\"et_d4_element et_pb_column_4_4 et_pb_column et_pb_column_0  et_pb_css_mix_blend_mode et-last-child et_block_column\">\n\t\t\t\t\n\t\t\t\t\n\t\t\t\t\n\t\t\t\t\n\t\t\t\t<div class=\"et_pb_module et_d4_element et_pb_text et_pb_text_0  et_pb_text_align_left et_pb_bg_layout_light\">\n\t\t\t\t\n\t\t\t\t\n\t\t\t\t\n\t\t\t\t\n\t\t\t\t<div class=\"et_pb_text_inner\"><h1 data-start=\"260\" data-end=\"293\">Politique de confidentialit\u00e9<\/h1>\n<p data-start=\"260\" data-end=\"293\"><strong data-start=\"260\" data-end=\"293\">Derni\u00e8re mise \u00e0 jour : 31 juillet 2025<\/strong><\/p>\n<p data-start=\"295\" data-end=\"696\">Chez <strong data-start=\"300\" data-end=\"346\">Sundesigns Solutions de design graphique<\/strong>, nous accordons une grande importance \u00e0 la protection de vos renseignements personnels. Cette politique de confidentialit\u00e9 explique quelles informations nous recueillons, pourquoi nous les recueillons et comment nous les utilisons, conform\u00e9ment \u00e0 la <strong data-start=\"597\" data-end=\"616\">Loi 25 (Qu\u00e9bec)<\/strong> et aux lois canadiennes en mati\u00e8re de protection des renseignements personnels.<\/p>\n<hr data-start=\"698\" data-end=\"701\" \/>\n<h3 data-start=\"703\" data-end=\"752\"><strong data-start=\"707\" data-end=\"752\">1. Collecte des renseignements personnels<\/strong><\/h3>\n<p data-start=\"753\" data-end=\"806\">Nous pouvons recueillir les renseignements suivants :<\/p>\n<ul data-start=\"807\" data-end=\"1073\">\n<li data-start=\"807\" data-end=\"824\">\n<p data-start=\"809\" data-end=\"824\">Nom et pr\u00e9nom<\/p>\n<\/li>\n<li data-start=\"825\" data-end=\"845\">\n<p data-start=\"827\" data-end=\"845\">Adresse courriel<\/p>\n<\/li>\n<li data-start=\"846\" data-end=\"869\">\n<p data-start=\"848\" data-end=\"869\">Num\u00e9ro de t\u00e9l\u00e9phone<\/p>\n<\/li>\n<li data-start=\"870\" data-end=\"893\">\n<p data-start=\"872\" data-end=\"893\">Nom de l\u2019entreprise<\/p>\n<\/li>\n<li data-start=\"894\" data-end=\"988\">\n<p data-start=\"896\" data-end=\"988\">Informations n\u00e9cessaires pour la facturation et le paiement (ex. : adresse de facturation)<\/p>\n<\/li>\n<li data-start=\"989\" data-end=\"1073\">\n<p data-start=\"991\" data-end=\"1073\">Tout contenu ou fichier que vous nous fournissez pour la r\u00e9alisation d\u2019un projet<\/p>\n<\/li>\n<\/ul>\n<p data-start=\"1075\" data-end=\"1118\">Ces informations sont recueillies lorsque :<\/p>\n<ul data-start=\"1119\" data-end=\"1307\">\n<li data-start=\"1119\" data-end=\"1192\">\n<p data-start=\"1121\" data-end=\"1192\">Vous nous contactez via notre site web, par courriel ou par t\u00e9l\u00e9phone<\/p>\n<\/li>\n<li data-start=\"1193\" data-end=\"1264\">\n<p data-start=\"1195\" data-end=\"1264\">Vous compl\u00e9tez un formulaire de contact ou de demande de soumission<\/p>\n<\/li>\n<li data-start=\"1265\" data-end=\"1307\">\n<p data-start=\"1267\" data-end=\"1307\">Vous effectuez un achat ou un paiement<\/p>\n<\/li>\n<\/ul>\n<hr data-start=\"1309\" data-end=\"1312\" \/>\n<h3 data-start=\"1314\" data-end=\"1366\"><strong data-start=\"1318\" data-end=\"1366\">2. Utilisation des renseignements personnels<\/strong><\/h3>\n<p data-start=\"1367\" data-end=\"1430\">Vos renseignements personnels sont utilis\u00e9s uniquement pour :<\/p>\n<ul data-start=\"1431\" data-end=\"1650\">\n<li data-start=\"1431\" data-end=\"1482\">\n<p data-start=\"1433\" data-end=\"1482\">R\u00e9pondre \u00e0 vos demandes et fournir nos services<\/p>\n<\/li>\n<li data-start=\"1483\" data-end=\"1524\">\n<p data-start=\"1485\" data-end=\"1524\">G\u00e9rer la facturation et les paiements<\/p>\n<\/li>\n<li data-start=\"1525\" data-end=\"1600\">\n<p data-start=\"1527\" data-end=\"1600\">Communiquer avec vous concernant vos projets ou notre offre de services<\/p>\n<\/li>\n<li data-start=\"1601\" data-end=\"1650\">\n<p data-start=\"1603\" data-end=\"1650\">Respecter nos obligations l\u00e9gales et fiscales<\/p>\n<\/li>\n<\/ul>\n<p data-start=\"1652\" data-end=\"1710\">Nous ne vendons <strong data-start=\"1668\" data-end=\"1678\">jamais<\/strong> vos renseignements \u00e0 des tiers.<\/p>\n<hr data-start=\"1712\" data-end=\"1715\" \/>\n<h3 data-start=\"1717\" data-end=\"1754\"><strong data-start=\"1721\" data-end=\"1754\">3. Partage des renseignements<\/strong><\/h3>\n<p data-start=\"1755\" data-end=\"1804\">Vos renseignements peuvent \u00eatre partag\u00e9s avec :<\/p>\n<ul data-start=\"1805\" data-end=\"2040\">\n<li data-start=\"1805\" data-end=\"1992\">\n<p data-start=\"1807\" data-end=\"1992\">Des fournisseurs de services tiers (ex. : h\u00e9bergeur web, passerelle de paiement s\u00e9curis\u00e9e, outils de communication), mais uniquement lorsque n\u00e9cessaire \u00e0 la prestation de nos services<\/p>\n<\/li>\n<li data-start=\"1993\" data-end=\"2040\">\n<p data-start=\"1995\" data-end=\"2040\">Les autorit\u00e9s comp\u00e9tentes si la loi l\u2019exige<\/p>\n<\/li>\n<\/ul>\n<p data-start=\"2042\" data-end=\"2255\">Certains de ces fournisseurs peuvent \u00eatre situ\u00e9s <strong data-start=\"2091\" data-end=\"2140\">\u00e0 l\u2019ext\u00e9rieur du Qu\u00e9bec ou ailleurs au Canada<\/strong>. Nous nous assurons que des mesures de protection ad\u00e9quates sont mises en place conform\u00e9ment aux lois applicables.<\/p>\n<hr data-start=\"2257\" data-end=\"2260\" \/>\n<h3 data-start=\"2262\" data-end=\"2318\"><strong data-start=\"2266\" data-end=\"2318\">4. Conservation et protection des renseignements<\/strong><\/h3>\n<p data-start=\"2319\" data-end=\"2609\">Nous conservons vos renseignements pour la dur\u00e9e n\u00e9cessaire \u00e0 la prestation de nos services et au respect de nos obligations l\u00e9gales.<br data-start=\"2452\" data-end=\"2455\" \/>Vos donn\u00e9es sont stock\u00e9es sur des serveurs s\u00e9curis\u00e9s, et nous mettons en place des mesures pour pr\u00e9venir l\u2019acc\u00e8s non autoris\u00e9, la perte ou la divulgation.<\/p>\n<hr data-start=\"2611\" data-end=\"2614\" \/>\n<h3 data-start=\"2616\" data-end=\"2637\"><strong data-start=\"2620\" data-end=\"2637\">5. Vos droits<\/strong><\/h3>\n<p data-start=\"2638\" data-end=\"2717\">Conform\u00e9ment \u00e0 la <strong data-start=\"2656\" data-end=\"2666\">Loi 25<\/strong> et aux lois canadiennes, vous avez le droit de :<\/p>\n<ul data-start=\"2718\" data-end=\"2914\">\n<li data-start=\"2718\" data-end=\"2761\">\n<p data-start=\"2720\" data-end=\"2761\">Acc\u00e9der \u00e0 vos renseignements personnels<\/p>\n<\/li>\n<li data-start=\"2762\" data-end=\"2793\">\n<p data-start=\"2764\" data-end=\"2793\">Demander leur rectification<\/p>\n<\/li>\n<li data-start=\"2794\" data-end=\"2838\">\n<p data-start=\"2796\" data-end=\"2838\">Retirer votre consentement \u00e0 tout moment<\/p>\n<\/li>\n<li data-start=\"2839\" data-end=\"2914\">\n<p data-start=\"2841\" data-end=\"2914\">Demander la suppression de vos renseignements lorsque permis par la loi<\/p>\n<\/li>\n<\/ul>\n<p data-start=\"2916\" data-end=\"3008\">Pour exercer ces droits, communiquez avec nous par courriel :<br data-start=\"2977\" data-end=\"2980\" \/><strong data-start=\"3229\" data-end=\"3254\"><a rel=\"noopener\" data-start=\"3231\" data-end=\"3252\" href=\"mailto:joanne@joannesunde.ca\" target=\"_blank\">joanne@joannesunde.ca<\/a><\/strong><\/p>\n<hr data-start=\"3010\" data-end=\"3013\" \/>\n<h3 data-start=\"3015\" data-end=\"3084\"><strong data-start=\"3019\" data-end=\"3084\">6. Responsable de la protection des renseignements personnels<\/strong><\/h3>\n<p data-start=\"3085\" data-end=\"3254\">Le responsable de la protection des renseignements personnels chez <strong data-start=\"3152\" data-end=\"3198\">Sundesigns Solutions de design graphique<\/strong> est :<br data-start=\"3204\" data-end=\"3207\" \/><strong data-start=\"3207\" data-end=\"3223\">Joanne Sunde<\/strong><br data-start=\"3223\" data-end=\"3226\" \/><strong data-start=\"3229\" data-end=\"3254\"><a rel=\"noopener\" data-start=\"3231\" data-end=\"3252\" href=\"mailto:joanne@joannesunde.ca\" target=\"_blank\">joanne@joannesunde.ca<\/a><\/strong><\/p>\n<hr data-start=\"3256\" data-end=\"3259\" \/>\n<h3 data-start=\"3261\" data-end=\"3293\"><strong data-start=\"3265\" data-end=\"3293\">7. Transfert hors Qu\u00e9bec<\/strong><\/h3>\n<p data-start=\"3294\" data-end=\"3659\">Dans le cadre de nos services, certains renseignements personnels peuvent \u00eatre transf\u00e9r\u00e9s ou stock\u00e9s \u00e0 l\u2019ext\u00e9rieur du Qu\u00e9bec, notamment si nos fournisseurs (h\u00e9bergement, outils d\u2019analyse, solutions de paiement) sont situ\u00e9s ailleurs au Canada ou \u00e0 l\u2019international. Nous nous assurons que ces fournisseurs respectent des normes \u00e9quivalentes de protection des donn\u00e9es.<\/p>\n<hr data-start=\"3661\" data-end=\"3664\" \/>\n<h3 data-start=\"3666\" data-end=\"3705\"><strong data-start=\"3670\" data-end=\"3705\">8. Modifications \u00e0 la politique<\/strong><\/h3>\n<p data-start=\"3706\" data-end=\"3846\">Nous pouvons mettre \u00e0 jour cette politique de confidentialit\u00e9 au besoin. La version la plus r\u00e9cente sera toujours disponible sur notre site.<\/p><\/div>\n\t\t\t<\/div>\n\t\t\t<\/div>\n\t\t\t\t\n\t\t\t\t\n\t\t\t\t\n\t\t\t\t\n\t\t\t<\/div>\n\t\t\t\t\n\t\t\t\t\n\t\t\t<\/div>\n","protected":false},"excerpt":{"rendered":"","protected":false},"author":1,"featured_media":0,"parent":0,"menu_order":0,"comment_status":"closed","ping_status":"closed","template":"","meta":{"_et_pb_use_builder":"on","_et_pb_old_content":"","_et_gb_content_width":"","footnotes":""},"class_list":["post-29054","page","type-page","status-publish","hentry"],"_links":{"self":[{"href":"https:\/\/joannesunde.ca\/fr\/wp-json\/wp\/v2\/pages\/29054","targetHints":{"allow":["GET"]}}],"collection":[{"href":"https:\/\/joannesunde.ca\/fr\/wp-json\/wp\/v2\/pages"}],"about":[{"href":"https:\/\/joannesunde.ca\/fr\/wp-json\/wp\/v2\/types\/page"}],"author":[{"embeddable":true,"href":"https:\/\/joannesunde.ca\/fr\/wp-json\/wp\/v2\/users\/1"}],"replies":[{"embeddable":true,"href":"https:\/\/joannesunde.ca\/fr\/wp-json\/wp\/v2\/comments?post=29054"}],"version-history":[{"count":4,"href":"https:\/\/joannesunde.ca\/fr\/wp-json\/wp\/v2\/pages\/29054\/revisions"}],"predecessor-version":[{"id":29059,"href":"https:\/\/joannesunde.ca\/fr\/wp-json\/wp\/v2\/pages\/29054\/revisions\/29059"}],"wp:attachment":[{"href":"https:\/\/joannesunde.ca\/fr\/wp-json\/wp\/v2\/media?parent=29054"}],"curies":[{"name":"wp","href":"https:\/\/api.w.org\/{rel}","templated":true}]}}